{"id":362010,"date":"2024-09-09T23:53:19","date_gmt":"2024-09-10T14:04:46","guid":{"rendered":"https:\/\/maisoncleo.com\/\/?post_type=product&#038;p=362010"},"modified":"2024-09-10T21:11:53","modified_gmt":"2024-09-10T19:11:53","slug":"ss22-runway-look-49-top-exclusif-calendrier-annee-de-calais-vintage","status":"publish","type":"product","link":"https:\/\/maisoncleo.com\/fr\/shop\/ss22-runway-look-49-top-exclusif-calendrier-annee-de-calais-vintage\/","title":{"rendered":"SS22 RUNWAY LOOK 49 &#8211;  Top exclusif calendrier ann\u00e9e de Calais vintage"},"content":{"rendered":"<p>Chaque ann\u00e9e dans les ann\u00e9es 80 et 90, la ville de Calais offrait \u00e0 ses habitants un calendrier en dentelle dans un \u00e9crin chic en velours. Depuis l&rsquo;ann\u00e9e derni\u00e8re, j&rsquo;ai r\u00e9ussi \u00e7 r\u00e9cup\u00e9r\u00e9 certains de ces calendriers encore jamais d\u00e9ball\u00e9s de leur bo\u00eete, ils sont donc vintage mais new. Unique!<\/p>\n<p>Top calendrier en dentelle de Calais sur le devant, motif d&rsquo;une partie de la ville dans le dos. Deux bretelles. D\u00e9tails de lacets sur chaque c\u00f4t\u00e9 pour la fermeture.<\/p>\n<p>Choisissez votre ann\u00e9e entre les ann\u00e9es suivantes disponibles : 1990, 1991, 1993, 1995, 1998, 1999 et 2002. Indiquez votre choix dans la partie commentaires au moment du paiement.<\/p>\n<p>LOOK 49 issu de notre premier d\u00e9fil\u00e9 \u00ab\u00a0Premi\u00e8re Fois\u00a0\u00bb en mars 2022.<\/p>\n<p>La mod\u00e8le mesure 1m75 et porte une taille S-36.<\/p>\n<p>PS : Les calendriers sont des carr\u00e9s en dentelle, alors les tailles command\u00e9s plus grandes que taille 40 auront des raccords \/ ajouts de mati\u00e8res de chaque c\u00f4t\u00e9 provenant d&rsquo;un autre calendrier \ud83d\ude42<\/p>\n","protected":false},"excerpt":{"rendered":"<p>Chaque ann\u00e9e dans les ann\u00e9es 80 et 90, la ville de Calais offrait \u00e0 ses habitants un calendrier en dentelle dans un&hellip;<\/p>\n","protected":false},"featured_media":342761,"template":"","meta":[],"product_brand":[],"product_cat":[671,667,674,661],"product_tag":[],"class_list":{"0":"post-362010","1":"product","2":"type-product","3":"status-publish","4":"has-post-thumbnail","6":"product_cat-defiles","7":"product_cat-dernieres-pieces","8":"product_cat-tops","9":"product_cat-tout-voir","10":"pa_taille-l-40-2","11":"pa_taille-m-38-2","12":"pa_taille-s-36-2","13":"pa_taille-sur-mesure-fr-2","14":"pa_taille-xl-42-fr-2","15":"pa_taille-xs-34-2","17":"first","18":"instock","19":"taxable","20":"shipping-taxable","21":"purchasable","22":"product-type-variable"},"_links":{"self":[{"href":"https:\/\/maisoncleo.com\/fr\/wp-json\/wp\/v2\/product\/362010","targetHints":{"allow":["GET"]}}],"collection":[{"href":"https:\/\/maisoncleo.com\/fr\/wp-json\/wp\/v2\/product"}],"about":[{"href":"https:\/\/maisoncleo.com\/fr\/wp-json\/wp\/v2\/types\/product"}],"version-history":[{"count":1,"href":"https:\/\/maisoncleo.com\/fr\/wp-json\/wp\/v2\/product\/362010\/revisions"}],"predecessor-version":[{"id":362033,"href":"https:\/\/maisoncleo.com\/fr\/wp-json\/wp\/v2\/product\/362010\/revisions\/362033"}],"wp:featuredmedia":[{"embeddable":true,"href":"https:\/\/maisoncleo.com\/fr\/wp-json\/wp\/v2\/media\/342761"}],"wp:attachment":[{"href":"https:\/\/maisoncleo.com\/fr\/wp-json\/wp\/v2\/media?parent=362010"}],"wp:term":[{"taxonomy":"product_brand","embeddable":true,"href":"https:\/\/maisoncleo.com\/fr\/wp-json\/wp\/v2\/product_brand?post=362010"},{"taxonomy":"product_cat","embeddable":true,"href":"https:\/\/maisoncleo.com\/fr\/wp-json\/wp\/v2\/product_cat?post=362010"},{"taxonomy":"product_tag","embeddable":true,"href":"https:\/\/maisoncleo.com\/fr\/wp-json\/wp\/v2\/product_tag?post=362010"}],"curies":[{"name":"wp","href":"https:\/\/api.w.org\/{rel}","templated":true}]}}