{"id":361955,"date":"2024-09-09T23:46:54","date_gmt":"2024-09-10T14:03:16","guid":{"rendered":"https:\/\/maisoncleo.com\/\/?post_type=product&#038;p=361955"},"modified":"2025-09-19T18:38:13","modified_gmt":"2025-09-19T16:38:13","slug":"runway-look-46-larges-creoles-en-argent","status":"publish","type":"product","link":"https:\/\/maisoncleo.com\/fr\/shop\/runway-look-46-larges-creoles-en-argent\/","title":{"rendered":"RUNWAY LOOK 46 &#8211; Larges cr\u00e9oles en argent"},"content":{"rendered":"<p>Maxi cr\u00e9oles en argent. Fabriqu\u00e9es \u00e0 la commande par mon amie Juliette Laloe \u00e0 Paris. Ces boucles sont vendues par paire et mesurent 3cm.<\/p>\n<p>LOOK 46 issu de notre premier d\u00e9fil\u00e9 \u00ab\u00a0Premi\u00e8re Fois\u00a0\u00bb en mars 2022.<\/p>\n","protected":false},"excerpt":{"rendered":"<p>Maxi cr\u00e9oles en argent. Fabriqu\u00e9es \u00e0 la commande par mon amie Juliette Laloe \u00e0 Paris. Ces boucles sont vendues par paire et&hellip;<\/p>\n","protected":false},"featured_media":342911,"template":"","meta":[],"product_brand":[],"product_cat":[651,669,657,671,667,661],"product_tag":[],"class_list":{"0":"post-361955","1":"product","2":"type-product","3":"status-publish","4":"has-post-thumbnail","6":"product_cat-accessoires","7":"product_cat-always-buyable-fr","8":"product_cat-bijoux","9":"product_cat-defiles","10":"product_cat-dernieres-pieces","11":"product_cat-tout-voir","12":"pa_taille-taille-unique-2","14":"first","15":"outofstock","16":"taxable","17":"shipping-taxable","18":"purchasable","19":"product-type-variable"},"_links":{"self":[{"href":"https:\/\/maisoncleo.com\/fr\/wp-json\/wp\/v2\/product\/361955","targetHints":{"allow":["GET"]}}],"collection":[{"href":"https:\/\/maisoncleo.com\/fr\/wp-json\/wp\/v2\/product"}],"about":[{"href":"https:\/\/maisoncleo.com\/fr\/wp-json\/wp\/v2\/types\/product"}],"version-history":[{"count":1,"href":"https:\/\/maisoncleo.com\/fr\/wp-json\/wp\/v2\/product\/361955\/revisions"}],"predecessor-version":[{"id":362060,"href":"https:\/\/maisoncleo.com\/fr\/wp-json\/wp\/v2\/product\/361955\/revisions\/362060"}],"wp:featuredmedia":[{"embeddable":true,"href":"https:\/\/maisoncleo.com\/fr\/wp-json\/wp\/v2\/media\/342911"}],"wp:attachment":[{"href":"https:\/\/maisoncleo.com\/fr\/wp-json\/wp\/v2\/media?parent=361955"}],"wp:term":[{"taxonomy":"product_brand","embeddable":true,"href":"https:\/\/maisoncleo.com\/fr\/wp-json\/wp\/v2\/product_brand?post=361955"},{"taxonomy":"product_cat","embeddable":true,"href":"https:\/\/maisoncleo.com\/fr\/wp-json\/wp\/v2\/product_cat?post=361955"},{"taxonomy":"product_tag","embeddable":true,"href":"https:\/\/maisoncleo.com\/fr\/wp-json\/wp\/v2\/product_tag?post=361955"}],"curies":[{"name":"wp","href":"https:\/\/api.w.org\/{rel}","templated":true}]}}