{"id":361864,"date":"2024-09-09T23:39:08","date_gmt":"2024-09-10T14:00:34","guid":{"rendered":"https:\/\/maisoncleo.com\/\/?post_type=product&#038;p=361864"},"modified":"2024-09-10T21:11:35","modified_gmt":"2024-09-10T19:11:35","slug":"runway-look-36-mini-jupe-ceinturee-en-jean-fonce-paillete","status":"publish","type":"product","link":"https:\/\/maisoncleo.com\/fr\/shop\/runway-look-36-mini-jupe-ceinturee-en-jean-fonce-paillete\/","title":{"rendered":"RUNWAY LOOK 36 &#8211; Mini jupe ceintur\u00e9e en jean fonc\u00e9 paillet\u00e9"},"content":{"rendered":"<p>Mini jupe en jean fonc\u00e9 paillet\u00e9, coupe droite. Fermeture \u00e9clair dans le dos. Petits boutons vintage avec strass sur les c\u00f4t\u00e9s. Ceinture assortie avec bijoux brillant.<\/p>\n<p>LOOK 36 issu de notre premier d\u00e9fil\u00e9 \u00ab\u00a0Premi\u00e8re Fois\u00a0\u00bb en mars 2022.<\/p>\n<p>La mod\u00e8le mesure 1m75 et porte une taille S-36.<\/p>\n","protected":false},"excerpt":{"rendered":"<p>Mini jupe en jean fonc\u00e9 paillet\u00e9, coupe droite. Fermeture \u00e9clair dans le dos. Petits boutons vintage avec strass sur les c\u00f4t\u00e9s. Ceinture&hellip;<\/p>\n","protected":false},"featured_media":342428,"template":"","meta":[],"product_brand":[],"product_cat":[671,667,672,661],"product_tag":[],"class_list":{"0":"post-361864","1":"product","2":"type-product","3":"status-publish","4":"has-post-thumbnail","6":"product_cat-defiles","7":"product_cat-dernieres-pieces","8":"product_cat-jupes","9":"product_cat-tout-voir","10":"pa_taille-l-40-2","11":"pa_taille-m-38-2","12":"pa_taille-s-36-2","13":"pa_taille-sur-mesure-fr-2","14":"pa_taille-xl-42-fr-2","15":"pa_taille-xs-34-2","17":"first","18":"instock","19":"taxable","20":"shipping-taxable","21":"purchasable","22":"product-type-variable"},"_links":{"self":[{"href":"https:\/\/maisoncleo.com\/fr\/wp-json\/wp\/v2\/product\/361864","targetHints":{"allow":["GET"]}}],"collection":[{"href":"https:\/\/maisoncleo.com\/fr\/wp-json\/wp\/v2\/product"}],"about":[{"href":"https:\/\/maisoncleo.com\/fr\/wp-json\/wp\/v2\/types\/product"}],"version-history":[{"count":1,"href":"https:\/\/maisoncleo.com\/fr\/wp-json\/wp\/v2\/product\/361864\/revisions"}],"predecessor-version":[{"id":361913,"href":"https:\/\/maisoncleo.com\/fr\/wp-json\/wp\/v2\/product\/361864\/revisions\/361913"}],"wp:featuredmedia":[{"embeddable":true,"href":"https:\/\/maisoncleo.com\/fr\/wp-json\/wp\/v2\/media\/342428"}],"wp:attachment":[{"href":"https:\/\/maisoncleo.com\/fr\/wp-json\/wp\/v2\/media?parent=361864"}],"wp:term":[{"taxonomy":"product_brand","embeddable":true,"href":"https:\/\/maisoncleo.com\/fr\/wp-json\/wp\/v2\/product_brand?post=361864"},{"taxonomy":"product_cat","embeddable":true,"href":"https:\/\/maisoncleo.com\/fr\/wp-json\/wp\/v2\/product_cat?post=361864"},{"taxonomy":"product_tag","embeddable":true,"href":"https:\/\/maisoncleo.com\/fr\/wp-json\/wp\/v2\/product_tag?post=361864"}],"curies":[{"name":"wp","href":"https:\/\/api.w.org\/{rel}","templated":true}]}}