{"id":361831,"date":"2024-09-09T23:35:58","date_gmt":"2024-09-10T13:59:47","guid":{"rendered":"https:\/\/maisoncleo.com\/\/?post_type=product&#038;p=361831"},"modified":"2024-09-10T21:11:25","modified_gmt":"2024-09-10T19:11:25","slug":"runway-look-39-cardigan-en-tweed-rose-bonbon-avec-detail-bijou","status":"publish","type":"product","link":"https:\/\/maisoncleo.com\/fr\/shop\/runway-look-39-cardigan-en-tweed-rose-bonbon-avec-detail-bijou\/","title":{"rendered":"RUNWAY LOOK 39 &#8211; Cardigan en tweed rose bonbon avec d\u00e9tail bijou"},"content":{"rendered":"<p>Cardigan en tweed rose bonbon avec d\u00e9tail bijou. Coupe oversize, col v. Fermeture bijoux rond \u00e0 strass. Doubl\u00e9 en soie.<\/p>\n<p>LOOK 39 issu de notre premier d\u00e9fil\u00e9 \u00ab\u00a0Premi\u00e8re Fois\u00a0\u00bb en mars 2022.<\/p>\n<p>La mod\u00e8le mesure 1m75 et porte une taille S-36.<\/p>\n","protected":false},"excerpt":{"rendered":"<p>Cardigan en tweed rose bonbon avec d\u00e9tail bijou. Coupe oversize, col v. Fermeture bijoux rond \u00e0 strass. Doubl\u00e9 en soie. LOOK 39&hellip;<\/p>\n","protected":false},"featured_media":342292,"template":"","meta":[],"product_brand":[],"product_cat":[683,671,667,661,665],"product_tag":[],"class_list":{"0":"post-361831","1":"product","2":"type-product","3":"status-publish","4":"has-post-thumbnail","6":"product_cat-cardigans","7":"product_cat-defiles","8":"product_cat-dernieres-pieces","9":"product_cat-tout-voir","10":"product_cat-vestes-manteaux","11":"pa_taille-l-40-2","12":"pa_taille-m-38-2","13":"pa_taille-s-36-2","14":"pa_taille-sur-mesure-fr-2","15":"pa_taille-xl-42-fr-2","16":"pa_taille-xs-34-2","18":"first","19":"outofstock","20":"taxable","21":"shipping-taxable","22":"purchasable","23":"product-type-variable"},"_links":{"self":[{"href":"https:\/\/maisoncleo.com\/fr\/wp-json\/wp\/v2\/product\/361831","targetHints":{"allow":["GET"]}}],"collection":[{"href":"https:\/\/maisoncleo.com\/fr\/wp-json\/wp\/v2\/product"}],"about":[{"href":"https:\/\/maisoncleo.com\/fr\/wp-json\/wp\/v2\/types\/product"}],"version-history":[{"count":1,"href":"https:\/\/maisoncleo.com\/fr\/wp-json\/wp\/v2\/product\/361831\/revisions"}],"predecessor-version":[{"id":361857,"href":"https:\/\/maisoncleo.com\/fr\/wp-json\/wp\/v2\/product\/361831\/revisions\/361857"}],"wp:featuredmedia":[{"embeddable":true,"href":"https:\/\/maisoncleo.com\/fr\/wp-json\/wp\/v2\/media\/342292"}],"wp:attachment":[{"href":"https:\/\/maisoncleo.com\/fr\/wp-json\/wp\/v2\/media?parent=361831"}],"wp:term":[{"taxonomy":"product_brand","embeddable":true,"href":"https:\/\/maisoncleo.com\/fr\/wp-json\/wp\/v2\/product_brand?post=361831"},{"taxonomy":"product_cat","embeddable":true,"href":"https:\/\/maisoncleo.com\/fr\/wp-json\/wp\/v2\/product_cat?post=361831"},{"taxonomy":"product_tag","embeddable":true,"href":"https:\/\/maisoncleo.com\/fr\/wp-json\/wp\/v2\/product_tag?post=361831"}],"curies":[{"name":"wp","href":"https:\/\/api.w.org\/{rel}","templated":true}]}}