{"id":361800,"date":"2024-09-09T23:31:55","date_gmt":"2024-09-10T13:59:03","guid":{"rendered":"https:\/\/maisoncleo.com\/\/?post_type=product&#038;p=361800"},"modified":"2024-09-10T21:11:20","modified_gmt":"2024-09-10T19:11:20","slug":"runway-look-41-jupe-longue-boutonnee-a-rayures-avec-fentes-ajustables","status":"publish","type":"product","link":"https:\/\/maisoncleo.com\/fr\/shop\/runway-look-41-jupe-longue-boutonnee-a-rayures-avec-fentes-ajustables\/","title":{"rendered":"RUNWAY LOOK 41 &#8211;  Jupe longue boutonn\u00e9e \u00e0 rayures avec fentes ajustables"},"content":{"rendered":"<p>Jupe longue \u00e0 rayures avec fentes ajustables. Tissu fluide, moulant, longueur chevilles. Fentes ajustables gr\u00e2ce \u00e0 une s\u00e9rie de six petits boutons grav\u00e9s avec notre logo. Deux fa\u00e7ons de la porter: boutons enti\u00e8rement ouverts ou ferm\u00e9s.<\/p>\n<p>LOOK 41 issu de notre premier d\u00e9fil\u00e9 \u00ab\u00a0Premi\u00e8re Fois\u00a0\u00bb en mars 2022.<\/p>\n<p>La mod\u00e8le mesure 1m75 et porte une taille S-36.<\/p>\n","protected":false},"excerpt":{"rendered":"<p>Jupe longue \u00e0 rayures avec fentes ajustables. Tissu fluide, moulant, longueur chevilles. Fentes ajustables gr\u00e2ce \u00e0 une s\u00e9rie de six petits boutons&hellip;<\/p>\n","protected":false},"featured_media":342228,"template":"","meta":[],"product_brand":[],"product_cat":[667,672,661],"product_tag":[],"class_list":{"0":"post-361800","1":"product","2":"type-product","3":"status-publish","4":"has-post-thumbnail","6":"product_cat-dernieres-pieces","7":"product_cat-jupes","8":"product_cat-tout-voir","9":"pa_taille-l-40-2","10":"pa_taille-m-38-2","11":"pa_taille-s-36-2","12":"pa_taille-sur-mesure-fr-2","13":"pa_taille-xl-42-fr-2","14":"pa_taille-xs-34-2","16":"first","17":"outofstock","18":"taxable","19":"shipping-taxable","20":"purchasable","21":"product-type-variable"},"_links":{"self":[{"href":"https:\/\/maisoncleo.com\/fr\/wp-json\/wp\/v2\/product\/361800","targetHints":{"allow":["GET"]}}],"collection":[{"href":"https:\/\/maisoncleo.com\/fr\/wp-json\/wp\/v2\/product"}],"about":[{"href":"https:\/\/maisoncleo.com\/fr\/wp-json\/wp\/v2\/types\/product"}],"version-history":[{"count":1,"href":"https:\/\/maisoncleo.com\/fr\/wp-json\/wp\/v2\/product\/361800\/revisions"}],"predecessor-version":[{"id":361841,"href":"https:\/\/maisoncleo.com\/fr\/wp-json\/wp\/v2\/product\/361800\/revisions\/361841"}],"wp:featuredmedia":[{"embeddable":true,"href":"https:\/\/maisoncleo.com\/fr\/wp-json\/wp\/v2\/media\/342228"}],"wp:attachment":[{"href":"https:\/\/maisoncleo.com\/fr\/wp-json\/wp\/v2\/media?parent=361800"}],"wp:term":[{"taxonomy":"product_brand","embeddable":true,"href":"https:\/\/maisoncleo.com\/fr\/wp-json\/wp\/v2\/product_brand?post=361800"},{"taxonomy":"product_cat","embeddable":true,"href":"https:\/\/maisoncleo.com\/fr\/wp-json\/wp\/v2\/product_cat?post=361800"},{"taxonomy":"product_tag","embeddable":true,"href":"https:\/\/maisoncleo.com\/fr\/wp-json\/wp\/v2\/product_tag?post=361800"}],"curies":[{"name":"wp","href":"https:\/\/api.w.org\/{rel}","templated":true}]}}