{"id":361790,"date":"2024-09-09T23:31:18","date_gmt":"2024-09-10T13:58:40","guid":{"rendered":"https:\/\/maisoncleo.com\/\/?post_type=product&#038;p=361790"},"modified":"2024-09-10T21:11:17","modified_gmt":"2024-09-10T19:11:17","slug":"runway-look-28-pantalon-en-dentelle-de-calais","status":"publish","type":"product","link":"https:\/\/maisoncleo.com\/fr\/shop\/runway-look-28-pantalon-en-dentelle-de-calais\/","title":{"rendered":"RUNWAY LOOK 28 &#8211; Pantalon en dentelle de Calais"},"content":{"rendered":"<p>Pantalon blanc transparent en dentelle de Calais. Coupe ajust\u00e9e et droite. Taille \u00e9lastiqu\u00e9e.<\/p>\n<p>LOOK 28 issu de notre premier d\u00e9fil\u00e9 \u00abPremi\u00e8re Fois\u00bb en mars 2022.<\/p>\n<p>La mod\u00e8le mesure 1m75 et porte une taille S-36.<\/p>\n","protected":false},"excerpt":{"rendered":"<p>Pantalon blanc transparent en dentelle de Calais. Coupe ajust\u00e9e et droite. Taille \u00e9lastiqu\u00e9e. LOOK 28 issu de notre premier d\u00e9fil\u00e9 \u00abPremi\u00e8re Fois\u00bb&hellip;<\/p>\n","protected":false},"featured_media":342159,"template":"","meta":[],"product_brand":[],"product_cat":[671,667,958,675,661],"product_tag":[],"class_list":{"0":"post-361790","1":"product","2":"type-product","3":"status-publish","4":"has-post-thumbnail","6":"product_cat-defiles","7":"product_cat-dernieres-pieces","8":"product_cat-mariage-selection","9":"product_cat-pantalons-shorts","10":"product_cat-tout-voir","11":"pa_taille-l-40-2","12":"pa_taille-m-38-2","13":"pa_taille-s-36-2","14":"pa_taille-sur-mesure-fr-2","15":"pa_taille-xl-42-fr-2","16":"pa_taille-xs-34-2","18":"first","19":"instock","20":"taxable","21":"shipping-taxable","22":"purchasable","23":"product-type-variable"},"_links":{"self":[{"href":"https:\/\/maisoncleo.com\/fr\/wp-json\/wp\/v2\/product\/361790","targetHints":{"allow":["GET"]}}],"collection":[{"href":"https:\/\/maisoncleo.com\/fr\/wp-json\/wp\/v2\/product"}],"about":[{"href":"https:\/\/maisoncleo.com\/fr\/wp-json\/wp\/v2\/types\/product"}],"version-history":[{"count":1,"href":"https:\/\/maisoncleo.com\/fr\/wp-json\/wp\/v2\/product\/361790\/revisions"}],"predecessor-version":[{"id":361814,"href":"https:\/\/maisoncleo.com\/fr\/wp-json\/wp\/v2\/product\/361790\/revisions\/361814"}],"wp:featuredmedia":[{"embeddable":true,"href":"https:\/\/maisoncleo.com\/fr\/wp-json\/wp\/v2\/media\/342159"}],"wp:attachment":[{"href":"https:\/\/maisoncleo.com\/fr\/wp-json\/wp\/v2\/media?parent=361790"}],"wp:term":[{"taxonomy":"product_brand","embeddable":true,"href":"https:\/\/maisoncleo.com\/fr\/wp-json\/wp\/v2\/product_brand?post=361790"},{"taxonomy":"product_cat","embeddable":true,"href":"https:\/\/maisoncleo.com\/fr\/wp-json\/wp\/v2\/product_cat?post=361790"},{"taxonomy":"product_tag","embeddable":true,"href":"https:\/\/maisoncleo.com\/fr\/wp-json\/wp\/v2\/product_tag?post=361790"}],"curies":[{"name":"wp","href":"https:\/\/api.w.org\/{rel}","templated":true}]}}