{"id":361716,"date":"2024-09-09T23:21:10","date_gmt":"2024-09-10T13:56:46","guid":{"rendered":"https:\/\/maisoncleo.com\/\/?post_type=product&#038;p=361716"},"modified":"2024-09-10T21:11:06","modified_gmt":"2024-09-10T19:11:06","slug":"runway-look-45-blouse-a-sequins-noirs","status":"publish","type":"product","link":"https:\/\/maisoncleo.com\/fr\/shop\/runway-look-45-blouse-a-sequins-noirs\/","title":{"rendered":"RUNWAY LOOK 45 &#8211; Blouse \u00e0 sequins noirs"},"content":{"rendered":"<p>Blouse \u00e0 sequins noirs. Ajust\u00e9e, enti\u00e8rement boutonn\u00e9e.<\/p>\n<p>LOOK 45 issu de notre premier d\u00e9fil\u00e9 \u00ab\u00a0Premi\u00e8re Fois\u00a0\u00bb en mars 2022.<\/p>\n<p>La mod\u00e8le mesure 1m75 et porte une taille S-36.<\/p>\n","protected":false},"excerpt":{"rendered":"<p><br data-mce-bogus=\"1\"><\/p>\n","protected":false},"featured_media":341971,"template":"","meta":[],"product_brand":[],"product_cat":[663,671,667,661],"product_tag":[],"class_list":{"0":"post-361716","1":"product","2":"type-product","3":"status-publish","4":"has-post-thumbnail","6":"product_cat-blouses","7":"product_cat-defiles","8":"product_cat-dernieres-pieces","9":"product_cat-tout-voir","10":"pa_taille-l-40-2","11":"pa_taille-m-38-2","12":"pa_taille-s-36-2","13":"pa_taille-sur-mesure-fr-2","14":"pa_taille-xl-42-fr-2","15":"pa_taille-xs-34-2","17":"first","18":"outofstock","19":"taxable","20":"shipping-taxable","21":"purchasable","22":"product-type-variable"},"_links":{"self":[{"href":"https:\/\/maisoncleo.com\/fr\/wp-json\/wp\/v2\/product\/361716","targetHints":{"allow":["GET"]}}],"collection":[{"href":"https:\/\/maisoncleo.com\/fr\/wp-json\/wp\/v2\/product"}],"about":[{"href":"https:\/\/maisoncleo.com\/fr\/wp-json\/wp\/v2\/types\/product"}],"version-history":[{"count":1,"href":"https:\/\/maisoncleo.com\/fr\/wp-json\/wp\/v2\/product\/361716\/revisions"}],"predecessor-version":[{"id":361742,"href":"https:\/\/maisoncleo.com\/fr\/wp-json\/wp\/v2\/product\/361716\/revisions\/361742"}],"wp:featuredmedia":[{"embeddable":true,"href":"https:\/\/maisoncleo.com\/fr\/wp-json\/wp\/v2\/media\/341971"}],"wp:attachment":[{"href":"https:\/\/maisoncleo.com\/fr\/wp-json\/wp\/v2\/media?parent=361716"}],"wp:term":[{"taxonomy":"product_brand","embeddable":true,"href":"https:\/\/maisoncleo.com\/fr\/wp-json\/wp\/v2\/product_brand?post=361716"},{"taxonomy":"product_cat","embeddable":true,"href":"https:\/\/maisoncleo.com\/fr\/wp-json\/wp\/v2\/product_cat?post=361716"},{"taxonomy":"product_tag","embeddable":true,"href":"https:\/\/maisoncleo.com\/fr\/wp-json\/wp\/v2\/product_tag?post=361716"}],"curies":[{"name":"wp","href":"https:\/\/api.w.org\/{rel}","templated":true}]}}