{"id":361705,"date":"2024-09-09T23:19:08","date_gmt":"2024-09-10T13:56:24","guid":{"rendered":"https:\/\/maisoncleo.com\/\/?post_type=product&#038;p=361705"},"modified":"2024-09-10T21:11:03","modified_gmt":"2024-09-10T19:11:03","slug":"runway-look-27-ceinture-chaine-argentee-avec-coeur-xl","status":"publish","type":"product","link":"https:\/\/maisoncleo.com\/fr\/shop\/runway-look-27-ceinture-chaine-argentee-avec-coeur-xl\/","title":{"rendered":"RUNWAY LOOK 27 &#8211; Ceinture cha\u00eene argent\u00e9e avec coeur XL"},"content":{"rendered":"<p>Ceinture cha\u00eene en argent avec un coeur XL. Fabriqu\u00e9e \u00e0 la commande et dans la longueur que vous souhaitez.<\/p>\n<p>LOOK 27 issu de notre premier d\u00e9fil\u00e9 \u00ab\u00a0Premi\u00e8re Fois\u00a0\u00bb en mars 2022.<\/p>\n<p>La mod\u00e8le mesure 1m75 et porte une taille S.<\/p>\n<p>&nbsp;<\/p>\n<p>&nbsp;<\/p>\n","protected":false},"excerpt":{"rendered":"<p>Ceinture cha\u00eene en argent avec un coeur XL. Fabriqu\u00e9e \u00e0 la commande et dans la longueur que vous souhaitez. LOOK 27 issu&hellip;<\/p>\n","protected":false},"featured_media":341904,"template":"","meta":[],"product_brand":[],"product_cat":[651,653,667,661],"product_tag":[],"class_list":{"0":"post-361705","1":"product","2":"type-product","3":"status-publish","4":"has-post-thumbnail","6":"product_cat-accessoires","7":"product_cat-ceintures","8":"product_cat-dernieres-pieces","9":"product_cat-tout-voir","10":"pa_taille-l-40-2","11":"pa_taille-m-38-2","12":"pa_taille-s-36-2","13":"pa_taille-xl-42-fr-2","14":"pa_taille-xs-34-2","16":"first","17":"instock","18":"taxable","19":"shipping-taxable","20":"purchasable","21":"product-type-variable"},"_links":{"self":[{"href":"https:\/\/maisoncleo.com\/fr\/wp-json\/wp\/v2\/product\/361705","targetHints":{"allow":["GET"]}}],"collection":[{"href":"https:\/\/maisoncleo.com\/fr\/wp-json\/wp\/v2\/product"}],"about":[{"href":"https:\/\/maisoncleo.com\/fr\/wp-json\/wp\/v2\/types\/product"}],"version-history":[{"count":1,"href":"https:\/\/maisoncleo.com\/fr\/wp-json\/wp\/v2\/product\/361705\/revisions"}],"predecessor-version":[{"id":361740,"href":"https:\/\/maisoncleo.com\/fr\/wp-json\/wp\/v2\/product\/361705\/revisions\/361740"}],"wp:featuredmedia":[{"embeddable":true,"href":"https:\/\/maisoncleo.com\/fr\/wp-json\/wp\/v2\/media\/341904"}],"wp:attachment":[{"href":"https:\/\/maisoncleo.com\/fr\/wp-json\/wp\/v2\/media?parent=361705"}],"wp:term":[{"taxonomy":"product_brand","embeddable":true,"href":"https:\/\/maisoncleo.com\/fr\/wp-json\/wp\/v2\/product_brand?post=361705"},{"taxonomy":"product_cat","embeddable":true,"href":"https:\/\/maisoncleo.com\/fr\/wp-json\/wp\/v2\/product_cat?post=361705"},{"taxonomy":"product_tag","embeddable":true,"href":"https:\/\/maisoncleo.com\/fr\/wp-json\/wp\/v2\/product_tag?post=361705"}],"curies":[{"name":"wp","href":"https:\/\/api.w.org\/{rel}","templated":true}]}}