{"id":361678,"date":"2024-09-09T23:15:28","date_gmt":"2024-09-10T13:55:39","guid":{"rendered":"https:\/\/maisoncleo.com\/\/?post_type=product&#038;p=361678"},"modified":"2024-09-10T21:10:53","modified_gmt":"2024-09-10T19:10:53","slug":"runway-look-47-ceinture-chaine-argentee-medium-avec-des-pendants-medaillons-papillons-graves","status":"publish","type":"product","link":"https:\/\/maisoncleo.com\/fr\/shop\/runway-look-47-ceinture-chaine-argentee-medium-avec-des-pendants-medaillons-papillons-graves\/","title":{"rendered":"RUNWAY LOOK 47 &#8211; Ceinture cha\u00eene argent\u00e9e m\u00e9dium avec des pendants m\u00e9daillons papillons grav\u00e9s"},"content":{"rendered":"<p>Ceinture cha\u00eene en argent m\u00e9dium avec des pendants m\u00e9daillons papillons grav\u00e9s. Fabriqu\u00e9 \u00e0 la commande et dans la longueur que vous souhaitez.<\/p>\n<p>LOOK 47 issu de notre premier d\u00e9fil\u00e9 \u00ab\u00a0Premi\u00e8re Fois\u00a0\u00bb en mars 2022.<\/p>\n<p>La mod\u00e8le mesure 1m75 et porte une taille S.<\/p>\n<p>&nbsp;<\/p>\n<p>&nbsp;<\/p>\n","protected":false},"excerpt":{"rendered":"<p>Ceinture cha\u00eene en argent m\u00e9dium avec des pendants m\u00e9daillons papillons grav\u00e9s. Fabriqu\u00e9 \u00e0 la commande et dans la longueur que vous souhaitez.&hellip;<\/p>\n","protected":false},"featured_media":341771,"template":"","meta":[],"product_brand":[],"product_cat":[651,669,653,667,661],"product_tag":[],"class_list":{"0":"post-361678","1":"product","2":"type-product","3":"status-publish","4":"has-post-thumbnail","6":"product_cat-accessoires","7":"product_cat-always-buyable-fr","8":"product_cat-ceintures","9":"product_cat-dernieres-pieces","10":"product_cat-tout-voir","11":"pa_taille-l-40-2","12":"pa_taille-m-38-2","13":"pa_taille-s-36-2","14":"pa_taille-xl-42-fr-2","15":"pa_taille-xs-34-2","16":"pa_taille-xxl-44-2","17":"pa_taille-xxs-32-2","19":"first","20":"instock","21":"taxable","22":"shipping-taxable","23":"purchasable","24":"product-type-variable"},"_links":{"self":[{"href":"https:\/\/maisoncleo.com\/fr\/wp-json\/wp\/v2\/product\/361678","targetHints":{"allow":["GET"]}}],"collection":[{"href":"https:\/\/maisoncleo.com\/fr\/wp-json\/wp\/v2\/product"}],"about":[{"href":"https:\/\/maisoncleo.com\/fr\/wp-json\/wp\/v2\/types\/product"}],"version-history":[{"count":1,"href":"https:\/\/maisoncleo.com\/fr\/wp-json\/wp\/v2\/product\/361678\/revisions"}],"predecessor-version":[{"id":361698,"href":"https:\/\/maisoncleo.com\/fr\/wp-json\/wp\/v2\/product\/361678\/revisions\/361698"}],"wp:featuredmedia":[{"embeddable":true,"href":"https:\/\/maisoncleo.com\/fr\/wp-json\/wp\/v2\/media\/341771"}],"wp:attachment":[{"href":"https:\/\/maisoncleo.com\/fr\/wp-json\/wp\/v2\/media?parent=361678"}],"wp:term":[{"taxonomy":"product_brand","embeddable":true,"href":"https:\/\/maisoncleo.com\/fr\/wp-json\/wp\/v2\/product_brand?post=361678"},{"taxonomy":"product_cat","embeddable":true,"href":"https:\/\/maisoncleo.com\/fr\/wp-json\/wp\/v2\/product_cat?post=361678"},{"taxonomy":"product_tag","embeddable":true,"href":"https:\/\/maisoncleo.com\/fr\/wp-json\/wp\/v2\/product_tag?post=361678"}],"curies":[{"name":"wp","href":"https:\/\/api.w.org\/{rel}","templated":true}]}}