{"id":361644,"date":"2024-09-09T23:12:01","date_gmt":"2024-09-10T13:54:55","guid":{"rendered":"https:\/\/maisoncleo.com\/\/?post_type=product&#038;p=361644"},"modified":"2024-09-10T21:11:50","modified_gmt":"2024-09-10T19:11:50","slug":"runway-look-48-bas-de-maillot-de-bain-bresilien-en-coton-noir","status":"publish","type":"product","link":"https:\/\/maisoncleo.com\/fr\/shop\/runway-look-48-bas-de-maillot-de-bain-bresilien-en-coton-noir\/","title":{"rendered":"RUNWAY LOOK 48 &#8211; Bas de maillot de bain br\u00e9silien en coton noir"},"content":{"rendered":"<p>Emues d\u2019enfin lancer notre premi\u00e8re ligne de maillot de bain! Bas de maillot de bain br\u00e9silien en coton noir. MC floqu\u00e9 sur le c\u00f4t\u00e9 gauche. FFF4EVER \u00e0 l\u2019arri\u00e8re.\u00a0Je souhaitais notre premi\u00e8re ligne de maillots de bain du m\u00eame tissu que mes maillots vintage des ann\u00e9es 80 : en coton! &lt;3 96% coton, 4% \u00e9lasthanne. Doubl\u00e9.<\/p>\n<p>LOOK 48 issu de notre premier d\u00e9fil\u00e9 \u00ab\u00a0Premi\u00e8re Fois\u00a0\u00bb en mars 2022.<\/p>\n<p>La mod\u00e8le mesure 1m75 et porte une taille S-36.<\/p>\n","protected":false},"excerpt":{"rendered":"<p>Emues d\u2019enfin lancer notre premi\u00e8re ligne de maillot de bain! Bas de maillot de bain br\u00e9silien en coton noir. MC floqu\u00e9 sur&hellip;<\/p>\n","protected":false},"featured_media":342710,"template":"","meta":[],"product_brand":[],"product_cat":[671,667,673,661],"product_tag":[],"class_list":{"0":"post-361644","1":"product","2":"type-product","3":"status-publish","4":"has-post-thumbnail","6":"product_cat-defiles","7":"product_cat-dernieres-pieces","8":"product_cat-maillots-de-bain","9":"product_cat-tout-voir","10":"pa_taille-l-40-2","11":"pa_taille-m-38-2","12":"pa_taille-s-36-2","13":"pa_taille-sur-mesure-fr-2","14":"pa_taille-xl-42-fr-2","15":"pa_taille-xs-34-2","17":"first","18":"instock","19":"taxable","20":"shipping-taxable","21":"purchasable","22":"product-type-variable"},"_links":{"self":[{"href":"https:\/\/maisoncleo.com\/fr\/wp-json\/wp\/v2\/product\/361644","targetHints":{"allow":["GET"]}}],"collection":[{"href":"https:\/\/maisoncleo.com\/fr\/wp-json\/wp\/v2\/product"}],"about":[{"href":"https:\/\/maisoncleo.com\/fr\/wp-json\/wp\/v2\/types\/product"}],"version-history":[{"count":1,"href":"https:\/\/maisoncleo.com\/fr\/wp-json\/wp\/v2\/product\/361644\/revisions"}],"predecessor-version":[{"id":362020,"href":"https:\/\/maisoncleo.com\/fr\/wp-json\/wp\/v2\/product\/361644\/revisions\/362020"}],"wp:featuredmedia":[{"embeddable":true,"href":"https:\/\/maisoncleo.com\/fr\/wp-json\/wp\/v2\/media\/342710"}],"wp:attachment":[{"href":"https:\/\/maisoncleo.com\/fr\/wp-json\/wp\/v2\/media?parent=361644"}],"wp:term":[{"taxonomy":"product_brand","embeddable":true,"href":"https:\/\/maisoncleo.com\/fr\/wp-json\/wp\/v2\/product_brand?post=361644"},{"taxonomy":"product_cat","embeddable":true,"href":"https:\/\/maisoncleo.com\/fr\/wp-json\/wp\/v2\/product_cat?post=361644"},{"taxonomy":"product_tag","embeddable":true,"href":"https:\/\/maisoncleo.com\/fr\/wp-json\/wp\/v2\/product_tag?post=361644"}],"curies":[{"name":"wp","href":"https:\/\/api.w.org\/{rel}","templated":true}]}}