{"id":361643,"date":"2024-09-09T23:12:01","date_gmt":"2024-09-10T13:54:55","guid":{"rendered":"https:\/\/maisoncleo.com\/\/?post_type=product&#038;p=361643"},"modified":"2024-09-10T21:11:51","modified_gmt":"2024-09-10T19:11:51","slug":"runway-look-48-haut-de-maillot-de-bain-bikini-en-coton-noir-mc-girl","status":"publish","type":"product","link":"https:\/\/maisoncleo.com\/fr\/shop\/runway-look-48-haut-de-maillot-de-bain-bikini-en-coton-noir-mc-girl\/","title":{"rendered":"RUNWAY LOOK 48 &#8211; Haut de maillot de bain bikini en coton noir MC Girl"},"content":{"rendered":"<p class=\"product_title entry-title\">Emues d\u2019enfin lancer notre premi\u00e8re ligne de maillot de bain! Haut bandeau de maillot de bain en coton noir. \u00ab\u00a0MC girl\u00a0\u00bb floqu\u00e9 sur le c\u00f4t\u00e9 gauche. Je souhaitais notre premi\u00e8re ligne de maillots de bain du m\u00eame tissu que mes maillots vintage des ann\u00e9es 80 : en coton! &lt;3 96% coton, 4% \u00e9lasthanne.<\/p>\n<p>LOOK 48 issu de notre premier d\u00e9fil\u00e9 \u00ab\u00a0Premi\u00e8re Fois\u00a0\u00bb en mars 2022.<\/p>\n<p>La mod\u00e8le mesure 1m75 et porte une taille 36.<\/p>\n","protected":false},"excerpt":{"rendered":"<p>Emues d\u2019enfin lancer notre premi\u00e8re ligne de maillot de bain! Haut bandeau de maillot de bain en coton noir. \u00ab\u00a0MC girl\u00a0\u00bb floqu\u00e9&hellip;<\/p>\n","protected":false},"featured_media":342722,"template":"","meta":[],"product_brand":[],"product_cat":[667,673,661],"product_tag":[],"class_list":{"0":"post-361643","1":"product","2":"type-product","3":"status-publish","4":"has-post-thumbnail","6":"product_cat-dernieres-pieces","7":"product_cat-maillots-de-bain","8":"product_cat-tout-voir","9":"pa_taille-l-40-2","10":"pa_taille-m-38-2","11":"pa_taille-s-36-2","12":"pa_taille-sur-mesure-fr-2","13":"pa_taille-xl-42-fr-2","14":"pa_taille-xs-34-2","16":"first","17":"instock","18":"taxable","19":"shipping-taxable","20":"purchasable","21":"product-type-variable"},"_links":{"self":[{"href":"https:\/\/maisoncleo.com\/fr\/wp-json\/wp\/v2\/product\/361643","targetHints":{"allow":["GET"]}}],"collection":[{"href":"https:\/\/maisoncleo.com\/fr\/wp-json\/wp\/v2\/product"}],"about":[{"href":"https:\/\/maisoncleo.com\/fr\/wp-json\/wp\/v2\/types\/product"}],"version-history":[{"count":1,"href":"https:\/\/maisoncleo.com\/fr\/wp-json\/wp\/v2\/product\/361643\/revisions"}],"predecessor-version":[{"id":362021,"href":"https:\/\/maisoncleo.com\/fr\/wp-json\/wp\/v2\/product\/361643\/revisions\/362021"}],"wp:featuredmedia":[{"embeddable":true,"href":"https:\/\/maisoncleo.com\/fr\/wp-json\/wp\/v2\/media\/342722"}],"wp:attachment":[{"href":"https:\/\/maisoncleo.com\/fr\/wp-json\/wp\/v2\/media?parent=361643"}],"wp:term":[{"taxonomy":"product_brand","embeddable":true,"href":"https:\/\/maisoncleo.com\/fr\/wp-json\/wp\/v2\/product_brand?post=361643"},{"taxonomy":"product_cat","embeddable":true,"href":"https:\/\/maisoncleo.com\/fr\/wp-json\/wp\/v2\/product_cat?post=361643"},{"taxonomy":"product_tag","embeddable":true,"href":"https:\/\/maisoncleo.com\/fr\/wp-json\/wp\/v2\/product_tag?post=361643"}],"curies":[{"name":"wp","href":"https:\/\/api.w.org\/{rel}","templated":true}]}}