{"id":361635,"date":"2024-09-09T23:11:16","date_gmt":"2024-09-10T13:54:33","guid":{"rendered":"https:\/\/maisoncleo.com\/\/?post_type=product&#038;p=361635"},"modified":"2024-09-10T21:10:46","modified_gmt":"2024-09-10T19:10:46","slug":"runway-look-21-robe-courte-argentee-brillante-effet-sirene-miroir","status":"publish","type":"product","link":"https:\/\/maisoncleo.com\/fr\/shop\/runway-look-21-robe-courte-argentee-brillante-effet-sirene-miroir\/","title":{"rendered":"RUNWAY LOOK 21 &#8211; Robe courte argent\u00e9e brillante effet sir\u00e8ne miroir"},"content":{"rendered":"<p>Robe courte argent\u00e9e effet sir\u00e8ne miroir brillante. Mati\u00e8re fluide, bretelles fines. La parfaite petite robe sexy d&rsquo;\u00e9t\u00e9 \u00e0 porter en toute occasion.<\/p>\n<p>LOOK 21 de notre premier d\u00e9fil\u00e9 \u00ab\u00a0Premi\u00e8re Fois\u00a0\u00bb en mars 2022.<\/p>\n<p>La mod\u00e8le mesure 1m75 et porte une taille S-36.<\/p>\n","protected":false},"excerpt":{"rendered":"<p>Robe courte argent\u00e9e effet sir\u00e8ne miroir brillante. Mati\u00e8re fluide, bretelles fines. La parfaite petite robe sexy d&rsquo;\u00e9t\u00e9 \u00e0 porter en toute occasion.&hellip;<\/p>\n","protected":false},"featured_media":341647,"template":"","meta":[],"product_brand":[],"product_cat":[671,667,664,661],"product_tag":[],"class_list":{"0":"post-361635","1":"product","2":"type-product","3":"status-publish","4":"has-post-thumbnail","6":"product_cat-defiles","7":"product_cat-dernieres-pieces","8":"product_cat-robes","9":"product_cat-tout-voir","10":"pa_taille-l-40-2","11":"pa_taille-m-38-2","12":"pa_taille-s-36-2","13":"pa_taille-sur-mesure-fr-2","14":"pa_taille-xl-42-fr-2","15":"pa_taille-xs-34-2","17":"first","18":"outofstock","19":"taxable","20":"shipping-taxable","21":"purchasable","22":"product-type-variable"},"_links":{"self":[{"href":"https:\/\/maisoncleo.com\/fr\/wp-json\/wp\/v2\/product\/361635","targetHints":{"allow":["GET"]}}],"collection":[{"href":"https:\/\/maisoncleo.com\/fr\/wp-json\/wp\/v2\/product"}],"about":[{"href":"https:\/\/maisoncleo.com\/fr\/wp-json\/wp\/v2\/types\/product"}],"version-history":[{"count":1,"href":"https:\/\/maisoncleo.com\/fr\/wp-json\/wp\/v2\/product\/361635\/revisions"}],"predecessor-version":[{"id":361658,"href":"https:\/\/maisoncleo.com\/fr\/wp-json\/wp\/v2\/product\/361635\/revisions\/361658"}],"wp:featuredmedia":[{"embeddable":true,"href":"https:\/\/maisoncleo.com\/fr\/wp-json\/wp\/v2\/media\/341647"}],"wp:attachment":[{"href":"https:\/\/maisoncleo.com\/fr\/wp-json\/wp\/v2\/media?parent=361635"}],"wp:term":[{"taxonomy":"product_brand","embeddable":true,"href":"https:\/\/maisoncleo.com\/fr\/wp-json\/wp\/v2\/product_brand?post=361635"},{"taxonomy":"product_cat","embeddable":true,"href":"https:\/\/maisoncleo.com\/fr\/wp-json\/wp\/v2\/product_cat?post=361635"},{"taxonomy":"product_tag","embeddable":true,"href":"https:\/\/maisoncleo.com\/fr\/wp-json\/wp\/v2\/product_tag?post=361635"}],"curies":[{"name":"wp","href":"https:\/\/api.w.org\/{rel}","templated":true}]}}