{"id":361591,"date":"2024-09-09T23:05:55","date_gmt":"2024-09-10T13:53:21","guid":{"rendered":"https:\/\/maisoncleo.com\/\/?post_type=product&#038;p=361591"},"modified":"2024-09-10T21:10:41","modified_gmt":"2024-09-10T19:10:41","slug":"runway-look-19-maillot-de-bain-jaune-en-coton-balconnet-mc-girl","status":"publish","type":"product","link":"https:\/\/maisoncleo.com\/fr\/shop\/runway-look-19-maillot-de-bain-jaune-en-coton-balconnet-mc-girl\/","title":{"rendered":"RUNWAY LOOK 19 &#8211; Maillot de bain jaune en coton balconnet \u00ab\u00a0MC Girl\u00a0\u00bb"},"content":{"rendered":"<p>Emues d&rsquo;enfin lancer notre premi\u00e8re ligne de maillot de bain! Haut de maillot de bain balconnet jaune en coton. Je souhaitais notre premi\u00e8re ligne de maillots de bain du m\u00eame tissu que mes maillots vintage des ann\u00e9es 80 : en coton! &lt;3 96% coton, 4% \u00e9lasthanne.<\/p>\n<p>La mod\u00e8le mesure 1m75.<\/p>\n","protected":false},"excerpt":{"rendered":"<p>Emues d&rsquo;enfin lancer notre premi\u00e8re ligne de maillot de bain! Haut de maillot de bain balconnet jaune en coton. Je souhaitais notre&hellip;<\/p>\n","protected":false},"featured_media":341557,"template":"","meta":[],"product_brand":[],"product_cat":[671,667,673,661],"product_tag":[],"class_list":{"0":"post-361591","1":"product","2":"type-product","3":"status-publish","4":"has-post-thumbnail","6":"product_cat-defiles","7":"product_cat-dernieres-pieces","8":"product_cat-maillots-de-bain","9":"product_cat-tout-voir","10":"pa_taille-l-40-2","11":"pa_taille-m-38-2","12":"pa_taille-s-36-2","13":"pa_taille-sur-mesure-fr-2","14":"pa_taille-xl-42-fr-2","15":"pa_taille-xs-34-2","17":"first","18":"instock","19":"taxable","20":"shipping-taxable","21":"purchasable","22":"product-type-variable"},"_links":{"self":[{"href":"https:\/\/maisoncleo.com\/fr\/wp-json\/wp\/v2\/product\/361591","targetHints":{"allow":["GET"]}}],"collection":[{"href":"https:\/\/maisoncleo.com\/fr\/wp-json\/wp\/v2\/product"}],"about":[{"href":"https:\/\/maisoncleo.com\/fr\/wp-json\/wp\/v2\/types\/product"}],"version-history":[{"count":1,"href":"https:\/\/maisoncleo.com\/fr\/wp-json\/wp\/v2\/product\/361591\/revisions"}],"predecessor-version":[{"id":361624,"href":"https:\/\/maisoncleo.com\/fr\/wp-json\/wp\/v2\/product\/361591\/revisions\/361624"}],"wp:featuredmedia":[{"embeddable":true,"href":"https:\/\/maisoncleo.com\/fr\/wp-json\/wp\/v2\/media\/341557"}],"wp:attachment":[{"href":"https:\/\/maisoncleo.com\/fr\/wp-json\/wp\/v2\/media?parent=361591"}],"wp:term":[{"taxonomy":"product_brand","embeddable":true,"href":"https:\/\/maisoncleo.com\/fr\/wp-json\/wp\/v2\/product_brand?post=361591"},{"taxonomy":"product_cat","embeddable":true,"href":"https:\/\/maisoncleo.com\/fr\/wp-json\/wp\/v2\/product_cat?post=361591"},{"taxonomy":"product_tag","embeddable":true,"href":"https:\/\/maisoncleo.com\/fr\/wp-json\/wp\/v2\/product_tag?post=361591"}],"curies":[{"name":"wp","href":"https:\/\/api.w.org\/{rel}","templated":true}]}}