{"id":361573,"date":"2024-09-09T23:04:07","date_gmt":"2024-09-10T13:52:58","guid":{"rendered":"https:\/\/maisoncleo.com\/\/?post_type=product&#038;p=361573"},"modified":"2024-09-10T21:13:33","modified_gmt":"2024-09-10T19:13:33","slug":"blouse-en-tweed-rose-framboise-angele","status":"publish","type":"product","link":"https:\/\/maisoncleo.com\/fr\/shop\/blouse-en-tweed-rose-framboise-angele\/","title":{"rendered":"Blouse en tweed rose framboise ANG\u00c8LE"},"content":{"rendered":"<p>Blouse en tweed rose en coton framboise. Manches bouffantes 3\/4 avec poignets \u00e9lastiqu\u00e9s \u00e0 volants, liens \u00e0 nouer sur le devant, grand col double.<\/p>\n<p>La mod\u00e8le mesure 1m80 et porte une taille 36.<\/p>\n","protected":false},"excerpt":{"rendered":"<p>Blouse en tweed rose en coton framboise. Manches bouffantes 3\/4 avec poignets \u00e9lastiqu\u00e9s \u00e0 volants, liens \u00e0 nouer sur le devant, grand&hellip;<\/p>\n","protected":false},"featured_media":341490,"template":"","meta":[],"product_brand":[],"product_cat":[663,667],"product_tag":[],"class_list":{"0":"post-361573","1":"product","2":"type-product","3":"status-publish","4":"has-post-thumbnail","6":"product_cat-blouses","7":"product_cat-dernieres-pieces","8":"pa_taille-l-40-2","9":"pa_taille-m-38-2","10":"pa_taille-s-36-2","11":"pa_taille-sur-mesure-fr-2","12":"pa_taille-xl-42-fr-2","13":"pa_taille-xs-34-2","15":"first","16":"instock","17":"taxable","18":"shipping-taxable","19":"purchasable","20":"product-type-variable"},"_links":{"self":[{"href":"https:\/\/maisoncleo.com\/fr\/wp-json\/wp\/v2\/product\/361573","targetHints":{"allow":["GET"]}}],"collection":[{"href":"https:\/\/maisoncleo.com\/fr\/wp-json\/wp\/v2\/product"}],"about":[{"href":"https:\/\/maisoncleo.com\/fr\/wp-json\/wp\/v2\/types\/product"}],"version-history":[{"count":1,"href":"https:\/\/maisoncleo.com\/fr\/wp-json\/wp\/v2\/product\/361573\/revisions"}],"predecessor-version":[{"id":362834,"href":"https:\/\/maisoncleo.com\/fr\/wp-json\/wp\/v2\/product\/361573\/revisions\/362834"}],"wp:featuredmedia":[{"embeddable":true,"href":"https:\/\/maisoncleo.com\/fr\/wp-json\/wp\/v2\/media\/341490"}],"wp:attachment":[{"href":"https:\/\/maisoncleo.com\/fr\/wp-json\/wp\/v2\/media?parent=361573"}],"wp:term":[{"taxonomy":"product_brand","embeddable":true,"href":"https:\/\/maisoncleo.com\/fr\/wp-json\/wp\/v2\/product_brand?post=361573"},{"taxonomy":"product_cat","embeddable":true,"href":"https:\/\/maisoncleo.com\/fr\/wp-json\/wp\/v2\/product_cat?post=361573"},{"taxonomy":"product_tag","embeddable":true,"href":"https:\/\/maisoncleo.com\/fr\/wp-json\/wp\/v2\/product_tag?post=361573"}],"curies":[{"name":"wp","href":"https:\/\/api.w.org\/{rel}","templated":true}]}}