{"id":361572,"date":"2024-09-09T23:04:07","date_gmt":"2024-09-10T13:52:58","guid":{"rendered":"https:\/\/maisoncleo.com\/\/?post_type=product&#038;p=361572"},"modified":"2024-09-10T21:10:38","modified_gmt":"2024-09-10T19:10:38","slug":"ss22-runway-look-18-jupe-longue-tube-rose-fuschia-peau-de-sirene","status":"publish","type":"product","link":"https:\/\/maisoncleo.com\/fr\/shop\/ss22-runway-look-18-jupe-longue-tube-rose-fuschia-peau-de-sirene\/","title":{"rendered":"SS22 RUNWAY LOOK 18 &#8211; Jupe longue tube rose fuschia peau de sir\u00e8ne"},"content":{"rendered":"<p>Jupe longue tube rose fuchsia. Bord volant\u00e9. Notre tissu pr\u00e9f\u00e9r\u00e9 du d\u00e9fil\u00e9! Tr\u00e8s l\u00e9g\u00e8rement iris\u00e9, textur\u00e9 et fluide en m\u00eame temps, impression d&rsquo;\u00e9cailles peau de sir\u00e8ne ou d&rsquo;un tissu de maillot de bain vintage, et a la couleur parfaite!<\/p>\n<p>LOOK 18 de notre premier d\u00e9fil\u00e9 \u00ab\u00a0Premi\u00e8re Fois\u00a0\u00bb en mars 2022.<\/p>\n<p>La mod\u00e8le mesure 1m75 et porte une taille S-36.<\/p>\n","protected":false},"excerpt":{"rendered":"<p>Jupe longue tube rose fuchsia. Bord volant\u00e9. Notre tissu pr\u00e9f\u00e9r\u00e9 du d\u00e9fil\u00e9! Tr\u00e8s l\u00e9g\u00e8rement iris\u00e9, textur\u00e9 et fluide en m\u00eame temps, impression&hellip;<\/p>\n","protected":false},"featured_media":341477,"template":"","meta":[],"product_brand":[],"product_cat":[671,667,672,661],"product_tag":[],"class_list":{"0":"post-361572","1":"product","2":"type-product","3":"status-publish","4":"has-post-thumbnail","6":"product_cat-defiles","7":"product_cat-dernieres-pieces","8":"product_cat-jupes","9":"product_cat-tout-voir","10":"pa_taille-l-40-2","11":"pa_taille-m-38-2","12":"pa_taille-s-36-2","13":"pa_taille-sur-mesure-fr-2","14":"pa_taille-xl-42-fr-2","15":"pa_taille-xs-34-2","17":"first","18":"outofstock","19":"taxable","20":"shipping-taxable","21":"purchasable","22":"product-type-variable"},"_links":{"self":[{"href":"https:\/\/maisoncleo.com\/fr\/wp-json\/wp\/v2\/product\/361572","targetHints":{"allow":["GET"]}}],"collection":[{"href":"https:\/\/maisoncleo.com\/fr\/wp-json\/wp\/v2\/product"}],"about":[{"href":"https:\/\/maisoncleo.com\/fr\/wp-json\/wp\/v2\/types\/product"}],"version-history":[{"count":1,"href":"https:\/\/maisoncleo.com\/fr\/wp-json\/wp\/v2\/product\/361572\/revisions"}],"predecessor-version":[{"id":361598,"href":"https:\/\/maisoncleo.com\/fr\/wp-json\/wp\/v2\/product\/361572\/revisions\/361598"}],"wp:featuredmedia":[{"embeddable":true,"href":"https:\/\/maisoncleo.com\/fr\/wp-json\/wp\/v2\/media\/341477"}],"wp:attachment":[{"href":"https:\/\/maisoncleo.com\/fr\/wp-json\/wp\/v2\/media?parent=361572"}],"wp:term":[{"taxonomy":"product_brand","embeddable":true,"href":"https:\/\/maisoncleo.com\/fr\/wp-json\/wp\/v2\/product_brand?post=361572"},{"taxonomy":"product_cat","embeddable":true,"href":"https:\/\/maisoncleo.com\/fr\/wp-json\/wp\/v2\/product_cat?post=361572"},{"taxonomy":"product_tag","embeddable":true,"href":"https:\/\/maisoncleo.com\/fr\/wp-json\/wp\/v2\/product_tag?post=361572"}],"curies":[{"name":"wp","href":"https:\/\/api.w.org\/{rel}","templated":true}]}}