{"id":361482,"date":"2024-09-09T22:52:37","date_gmt":"2024-09-10T13:50:33","guid":{"rendered":"https:\/\/maisoncleo.com\/\/?post_type=product&#038;p=361482"},"modified":"2024-09-10T21:12:00","modified_gmt":"2024-09-10T19:12:00","slug":"runway-look-37-robe-a-volants-dauphins-et-coquillages-en-maille-volantee-adele","status":"publish","type":"product","link":"https:\/\/maisoncleo.com\/fr\/shop\/runway-look-37-robe-a-volants-dauphins-et-coquillages-en-maille-volantee-adele\/","title":{"rendered":"RUNWAY LOOK 37 &#8211; Robe \u00e0 volants dauphins et coquillages en maille volant\u00e9e ADELE"},"content":{"rendered":"<p>Imprim\u00e9 exclusif fait en collaboration avec mon amie de Aun\u00e9 collections! Robe \u00e0 volants en maille jersey avec dauphins et coquillages. Tissu transparent mais doubl\u00e9e pour un rendu opaque.<\/p>\n<p>Haut de la robe style bustier moulant,. d\u00e9collect\u00e9 plongeant enfin forme de demi lune, fente c\u00f4t\u00e9 droit, rang\u00e9e de volants assym\u00e9trique. Doubl\u00e9e.<\/p>\n<p>LOOK 37 issu de notre premier d\u00e9fil\u00e9 \u00ab\u00a0Premi\u00e8re Fois\u00a0\u00bb en mars 2022.<\/p>\n<p>La mod\u00e8le mesure 1m70 et porte une taille S-36.<\/p>\n","protected":false},"excerpt":{"rendered":"<p>Imprim\u00e9 exclusif fait en collaboration avec mon amie de Aun\u00e9 collections! Robe \u00e0 volants en maille jersey avec dauphins et coquillages. Tissu&hellip;<\/p>\n","protected":false},"featured_media":342901,"template":"","meta":[],"product_brand":[],"product_cat":[671,667,664,661],"product_tag":[],"class_list":{"0":"post-361482","1":"product","2":"type-product","3":"status-publish","4":"has-post-thumbnail","6":"product_cat-defiles","7":"product_cat-dernieres-pieces","8":"product_cat-robes","9":"product_cat-tout-voir","10":"pa_taille-l-40-2","11":"pa_taille-m-38-2","12":"pa_taille-s-36-2","13":"pa_taille-sur-mesure-fr-2","14":"pa_taille-xl-42-fr-2","15":"pa_taille-xs-34-2","17":"first","18":"instock","19":"taxable","20":"shipping-taxable","21":"purchasable","22":"product-type-variable"},"_links":{"self":[{"href":"https:\/\/maisoncleo.com\/fr\/wp-json\/wp\/v2\/product\/361482","targetHints":{"allow":["GET"]}}],"collection":[{"href":"https:\/\/maisoncleo.com\/fr\/wp-json\/wp\/v2\/product"}],"about":[{"href":"https:\/\/maisoncleo.com\/fr\/wp-json\/wp\/v2\/types\/product"}],"version-history":[{"count":1,"href":"https:\/\/maisoncleo.com\/fr\/wp-json\/wp\/v2\/product\/361482\/revisions"}],"predecessor-version":[{"id":362059,"href":"https:\/\/maisoncleo.com\/fr\/wp-json\/wp\/v2\/product\/361482\/revisions\/362059"}],"wp:featuredmedia":[{"embeddable":true,"href":"https:\/\/maisoncleo.com\/fr\/wp-json\/wp\/v2\/media\/342901"}],"wp:attachment":[{"href":"https:\/\/maisoncleo.com\/fr\/wp-json\/wp\/v2\/media?parent=361482"}],"wp:term":[{"taxonomy":"product_brand","embeddable":true,"href":"https:\/\/maisoncleo.com\/fr\/wp-json\/wp\/v2\/product_brand?post=361482"},{"taxonomy":"product_cat","embeddable":true,"href":"https:\/\/maisoncleo.com\/fr\/wp-json\/wp\/v2\/product_cat?post=361482"},{"taxonomy":"product_tag","embeddable":true,"href":"https:\/\/maisoncleo.com\/fr\/wp-json\/wp\/v2\/product_tag?post=361482"}],"curies":[{"name":"wp","href":"https:\/\/api.w.org\/{rel}","templated":true}]}}