{"id":361478,"date":"2024-09-09T22:52:36","date_gmt":"2024-09-10T13:50:33","guid":{"rendered":"https:\/\/maisoncleo.com\/\/?post_type=product&#038;p=361478"},"modified":"2024-09-10T21:10:42","modified_gmt":"2024-09-10T19:10:42","slug":"runway-look-19-bas-de-maillot-de-bain-bresilien-en-coton-jaune-mc","status":"publish","type":"product","link":"https:\/\/maisoncleo.com\/fr\/shop\/runway-look-19-bas-de-maillot-de-bain-bresilien-en-coton-jaune-mc\/","title":{"rendered":"RUNWAY LOOK 19 &#8211; Bas de maillot de bain br\u00e9silien en coton jaune MC"},"content":{"rendered":"<p>Emues d\u2019enfin lancer notre premi\u00e8re ligne de maillot de bain! Bas de maillot de bain br\u00e9silien en coton jaune. MC floqu\u00e9 sur le c\u00f4t\u00e9 gauche. FFF4EVER floqu\u00e9 \u00e0 l&rsquo;arri\u00e8re. Je souhaitais notre premi\u00e8re ligne de maillots de bain du m\u00eame tissu que mes maillots vintage des ann\u00e9es 80 : en coton! &lt;3 96% coton, 4% \u00e9lasthanne. Doubl\u00e9.<\/p>\n<p>LOOK 19 issu\u00a0de notre premier d\u00e9fil\u00e9 de mode \u00ab\u00a0Premi\u00e8re Fois\u00a0\u00bb de mars 2022.<\/p>\n<p>La mod\u00e8le mesure 1m75 et porte une taille S-36.<\/p>\n","protected":false},"excerpt":{"rendered":"<p>Emues d\u2019enfin lancer notre premi\u00e8re ligne de maillot de bain! Bas de maillot de bain br\u00e9silien en coton jaune. MC floqu\u00e9 sur&hellip;<\/p>\n","protected":false},"featured_media":341579,"template":"","meta":[],"product_brand":[],"product_cat":[671,667,673,661],"product_tag":[],"class_list":{"0":"post-361478","1":"product","2":"type-product","3":"status-publish","4":"has-post-thumbnail","6":"product_cat-defiles","7":"product_cat-dernieres-pieces","8":"product_cat-maillots-de-bain","9":"product_cat-tout-voir","10":"pa_taille-l-40-2","11":"pa_taille-m-38-2","12":"pa_taille-s-36-2","13":"pa_taille-sur-mesure-fr-2","14":"pa_taille-xl-42-fr-2","15":"pa_taille-xs-34-2","17":"first","18":"instock","19":"taxable","20":"shipping-taxable","21":"purchasable","22":"product-type-variable"},"_links":{"self":[{"href":"https:\/\/maisoncleo.com\/fr\/wp-json\/wp\/v2\/product\/361478","targetHints":{"allow":["GET"]}}],"collection":[{"href":"https:\/\/maisoncleo.com\/fr\/wp-json\/wp\/v2\/product"}],"about":[{"href":"https:\/\/maisoncleo.com\/fr\/wp-json\/wp\/v2\/types\/product"}],"version-history":[{"count":1,"href":"https:\/\/maisoncleo.com\/fr\/wp-json\/wp\/v2\/product\/361478\/revisions"}],"predecessor-version":[{"id":361625,"href":"https:\/\/maisoncleo.com\/fr\/wp-json\/wp\/v2\/product\/361478\/revisions\/361625"}],"wp:featuredmedia":[{"embeddable":true,"href":"https:\/\/maisoncleo.com\/fr\/wp-json\/wp\/v2\/media\/341579"}],"wp:attachment":[{"href":"https:\/\/maisoncleo.com\/fr\/wp-json\/wp\/v2\/media?parent=361478"}],"wp:term":[{"taxonomy":"product_brand","embeddable":true,"href":"https:\/\/maisoncleo.com\/fr\/wp-json\/wp\/v2\/product_brand?post=361478"},{"taxonomy":"product_cat","embeddable":true,"href":"https:\/\/maisoncleo.com\/fr\/wp-json\/wp\/v2\/product_cat?post=361478"},{"taxonomy":"product_tag","embeddable":true,"href":"https:\/\/maisoncleo.com\/fr\/wp-json\/wp\/v2\/product_tag?post=361478"}],"curies":[{"name":"wp","href":"https:\/\/api.w.org\/{rel}","templated":true}]}}