{"id":361446,"date":"2024-09-09T22:49:32","date_gmt":"2024-09-10T13:49:46","guid":{"rendered":"https:\/\/maisoncleo.com\/\/?post_type=product&#038;p=361446"},"modified":"2024-09-10T21:10:17","modified_gmt":"2024-09-10T19:10:17","slug":"runway-look-8-pareo-de-plage-rose-fuchsia-a-grosses-fleurs","status":"publish","type":"product","link":"https:\/\/maisoncleo.com\/fr\/shop\/runway-look-8-pareo-de-plage-rose-fuchsia-a-grosses-fleurs\/","title":{"rendered":"RUNWAY LOOK 8 &#8211; Par\u00e9o de plage rose fuchsia \u00e0 grosses fleurs"},"content":{"rendered":"<p>Par\u00e9o de plage rose fuchsia \u00e0 grosses fleurs, \u00e0 nouer autour de la taille.<\/p>\n<p>LOOK 8 issu de notre premier d\u00e9fil\u00e9 \u00ab\u00a0Premi\u00e8re Fois\u00a0\u00bb en mars 2022.<\/p>\n<p>La mod\u00e8le mesure 1m75 et porte une taille S-36.<\/p>\n","protected":false},"excerpt":{"rendered":"<p>Par\u00e9o de plage rose fuchsia \u00e0 grosses fleurs, \u00e0 nouer autour de la taille. LOOK 8 issu de notre premier d\u00e9fil\u00e9 \u00ab\u00a0Premi\u00e8re&hellip;<\/p>\n","protected":false},"featured_media":341081,"template":"","meta":[],"product_brand":[],"product_cat":[671,667,673,661],"product_tag":[],"class_list":{"0":"post-361446","1":"product","2":"type-product","3":"status-publish","4":"has-post-thumbnail","6":"product_cat-defiles","7":"product_cat-dernieres-pieces","8":"product_cat-maillots-de-bain","9":"product_cat-tout-voir","10":"pa_taille-l-40-2","11":"pa_taille-m-38-2","12":"pa_taille-s-36-2","13":"pa_taille-sur-mesure-fr-2","14":"pa_taille-xl-42-fr-2","15":"pa_taille-xs-34-2","17":"first","18":"instock","19":"taxable","20":"shipping-taxable","21":"purchasable","22":"product-type-variable"},"_links":{"self":[{"href":"https:\/\/maisoncleo.com\/fr\/wp-json\/wp\/v2\/product\/361446","targetHints":{"allow":["GET"]}}],"collection":[{"href":"https:\/\/maisoncleo.com\/fr\/wp-json\/wp\/v2\/product"}],"about":[{"href":"https:\/\/maisoncleo.com\/fr\/wp-json\/wp\/v2\/types\/product"}],"version-history":[{"count":1,"href":"https:\/\/maisoncleo.com\/fr\/wp-json\/wp\/v2\/product\/361446\/revisions"}],"predecessor-version":[{"id":361471,"href":"https:\/\/maisoncleo.com\/fr\/wp-json\/wp\/v2\/product\/361446\/revisions\/361471"}],"wp:featuredmedia":[{"embeddable":true,"href":"https:\/\/maisoncleo.com\/fr\/wp-json\/wp\/v2\/media\/341081"}],"wp:attachment":[{"href":"https:\/\/maisoncleo.com\/fr\/wp-json\/wp\/v2\/media?parent=361446"}],"wp:term":[{"taxonomy":"product_brand","embeddable":true,"href":"https:\/\/maisoncleo.com\/fr\/wp-json\/wp\/v2\/product_brand?post=361446"},{"taxonomy":"product_cat","embeddable":true,"href":"https:\/\/maisoncleo.com\/fr\/wp-json\/wp\/v2\/product_cat?post=361446"},{"taxonomy":"product_tag","embeddable":true,"href":"https:\/\/maisoncleo.com\/fr\/wp-json\/wp\/v2\/product_tag?post=361446"}],"curies":[{"name":"wp","href":"https:\/\/api.w.org\/{rel}","templated":true}]}}