{"id":361431,"date":"2024-09-09T22:47:10","date_gmt":"2024-09-10T13:49:23","guid":{"rendered":"https:\/\/maisoncleo.com\/\/?post_type=product&#038;p=361431"},"modified":"2024-09-10T21:10:59","modified_gmt":"2024-09-10T19:10:59","slug":"runway-look-7-ceinture-chaine-argentee-avec-faux-piercing-coeur-m","status":"publish","type":"product","link":"https:\/\/maisoncleo.com\/fr\/shop\/runway-look-7-ceinture-chaine-argentee-avec-faux-piercing-coeur-m\/","title":{"rendered":"RUNWAY LOOK 7 &#8211; Ceinture cha\u00eene argent\u00e9e avec faux piercing coeur M"},"content":{"rendered":"<p>Ceinture cha\u00eene mini en argent avec un faux piercing coeur M. Fabriqu\u00e9e \u00e0 la commande et dans la longueur que vous souhaitez.<\/p>\n<p>LOOK 7 issu de notre premier d\u00e9fil\u00e9 \u00ab\u00a0Premi\u00e8re Fois\u00a0\u00bb en mars 2022.<\/p>\n<p>La mod\u00e8le mesure 1m75 et porte une taille S-36.<\/p>\n<p>&nbsp;<\/p>\n<p>&nbsp;<\/p>\n","protected":false},"excerpt":{"rendered":"<p>Ceinture cha\u00eene mini en argent avec un faux piercing coeur M. Fabriqu\u00e9e \u00e0 la commande et dans la longueur que vous souhaitez.&hellip;<\/p>\n","protected":false},"featured_media":341845,"template":"","meta":[],"product_brand":[],"product_cat":[651,669,653,671,667,661],"product_tag":[],"class_list":{"0":"post-361431","1":"product","2":"type-product","3":"status-publish","4":"has-post-thumbnail","6":"product_cat-accessoires","7":"product_cat-always-buyable-fr","8":"product_cat-ceintures","9":"product_cat-defiles","10":"product_cat-dernieres-pieces","11":"product_cat-tout-voir","12":"pa_taille-l-40-2","13":"pa_taille-m-38-2","14":"pa_taille-s-36-2","15":"pa_taille-xl-42-fr-2","16":"pa_taille-xs-34-2","18":"first","19":"instock","20":"taxable","21":"shipping-taxable","22":"purchasable","23":"product-type-variable"},"_links":{"self":[{"href":"https:\/\/maisoncleo.com\/fr\/wp-json\/wp\/v2\/product\/361431","targetHints":{"allow":["GET"]}}],"collection":[{"href":"https:\/\/maisoncleo.com\/fr\/wp-json\/wp\/v2\/product"}],"about":[{"href":"https:\/\/maisoncleo.com\/fr\/wp-json\/wp\/v2\/types\/product"}],"version-history":[{"count":1,"href":"https:\/\/maisoncleo.com\/fr\/wp-json\/wp\/v2\/product\/361431\/revisions"}],"predecessor-version":[{"id":361728,"href":"https:\/\/maisoncleo.com\/fr\/wp-json\/wp\/v2\/product\/361431\/revisions\/361728"}],"wp:featuredmedia":[{"embeddable":true,"href":"https:\/\/maisoncleo.com\/fr\/wp-json\/wp\/v2\/media\/341845"}],"wp:attachment":[{"href":"https:\/\/maisoncleo.com\/fr\/wp-json\/wp\/v2\/media?parent=361431"}],"wp:term":[{"taxonomy":"product_brand","embeddable":true,"href":"https:\/\/maisoncleo.com\/fr\/wp-json\/wp\/v2\/product_brand?post=361431"},{"taxonomy":"product_cat","embeddable":true,"href":"https:\/\/maisoncleo.com\/fr\/wp-json\/wp\/v2\/product_cat?post=361431"},{"taxonomy":"product_tag","embeddable":true,"href":"https:\/\/maisoncleo.com\/fr\/wp-json\/wp\/v2\/product_tag?post=361431"}],"curies":[{"name":"wp","href":"https:\/\/api.w.org\/{rel}","templated":true}]}}