{"id":361395,"date":"2024-09-09T22:42:49","date_gmt":"2024-09-10T13:48:32","guid":{"rendered":"https:\/\/maisoncleo.com\/\/?post_type=product&#038;p=361395"},"modified":"2024-09-10T21:10:11","modified_gmt":"2024-09-10T19:10:11","slug":"runway-look-5-pantalon-noir-bootcut-chaine-piercing-fluide","status":"publish","type":"product","link":"https:\/\/maisoncleo.com\/fr\/shop\/runway-look-5-pantalon-noir-bootcut-chaine-piercing-fluide\/","title":{"rendered":"RUNWAY LOOK 5 \u2013 Pantalon noir bootcut cha\u00eene piercing fluide"},"content":{"rendered":"<p>Pantalon noir fluide avec une d\u00e9coupe cha\u00eene \u00e0 la taille pour un effet piercing sur le nombril. Tissu fluide, fermeture zipp\u00e9e sur le c\u00f4t\u00e9, l\u00e9g\u00e8rement bootcut sur le bas.<\/p>\n<p>LOOK 5 issu de notre premier d\u00e9fil\u00e9 \u00ab\u00a0Premi\u00e8re fois\u00a0\u00bb en Mars 2022<\/p>\n<p>La mod\u00e8le mesure 1m75 et porte une taille S-36.<\/p>\n<p>Veuillez noter que nous ne pouvons faire que des tailles standards pour les pantalons. Retravailler un patron de jean \/ pantalon serait trop de travail. Nous pouvons cependant faire quelques changements : ajuster la longueur ou enlever l\u2019ouverture avec la chaine sur le nombril.<\/p>\n","protected":false},"excerpt":{"rendered":"<p>Pantalon noir fluide avec une d\u00e9coupe cha\u00eene \u00e0 la taille pour un effet piercing sur le nombril. Tissu fluide, fermeture zipp\u00e9e sur&hellip;<\/p>\n","protected":false},"featured_media":340930,"template":"","meta":[],"product_brand":[],"product_cat":[671,667,675,661],"product_tag":[],"class_list":{"0":"post-361395","1":"product","2":"type-product","3":"status-publish","4":"has-post-thumbnail","6":"product_cat-defiles","7":"product_cat-dernieres-pieces","8":"product_cat-pantalons-shorts","9":"product_cat-tout-voir","10":"pa_taille-l-40-2","11":"pa_taille-m-38-2","12":"pa_taille-s-36-2","13":"pa_taille-sur-mesure-fr-2","14":"pa_taille-xl-42-fr-2","15":"pa_taille-xs-34-2","17":"first","18":"outofstock","19":"taxable","20":"shipping-taxable","21":"purchasable","22":"product-type-variable"},"_links":{"self":[{"href":"https:\/\/maisoncleo.com\/fr\/wp-json\/wp\/v2\/product\/361395","targetHints":{"allow":["GET"]}}],"collection":[{"href":"https:\/\/maisoncleo.com\/fr\/wp-json\/wp\/v2\/product"}],"about":[{"href":"https:\/\/maisoncleo.com\/fr\/wp-json\/wp\/v2\/types\/product"}],"version-history":[{"count":1,"href":"https:\/\/maisoncleo.com\/fr\/wp-json\/wp\/v2\/product\/361395\/revisions"}],"predecessor-version":[{"id":361422,"href":"https:\/\/maisoncleo.com\/fr\/wp-json\/wp\/v2\/product\/361395\/revisions\/361422"}],"wp:featuredmedia":[{"embeddable":true,"href":"https:\/\/maisoncleo.com\/fr\/wp-json\/wp\/v2\/media\/340930"}],"wp:attachment":[{"href":"https:\/\/maisoncleo.com\/fr\/wp-json\/wp\/v2\/media?parent=361395"}],"wp:term":[{"taxonomy":"product_brand","embeddable":true,"href":"https:\/\/maisoncleo.com\/fr\/wp-json\/wp\/v2\/product_brand?post=361395"},{"taxonomy":"product_cat","embeddable":true,"href":"https:\/\/maisoncleo.com\/fr\/wp-json\/wp\/v2\/product_cat?post=361395"},{"taxonomy":"product_tag","embeddable":true,"href":"https:\/\/maisoncleo.com\/fr\/wp-json\/wp\/v2\/product_tag?post=361395"}],"curies":[{"name":"wp","href":"https:\/\/api.w.org\/{rel}","templated":true}]}}