{"id":361341,"date":"2024-09-09T22:39:12","date_gmt":"2024-09-10T13:46:34","guid":{"rendered":"https:\/\/maisoncleo.com\/\/?post_type=product&#038;p=361341"},"modified":"2024-09-10T21:10:05","modified_gmt":"2024-09-10T19:10:05","slug":"runway-look-3-top-plexi-incruste-en-dentelle-calais","status":"publish","type":"product","link":"https:\/\/maisoncleo.com\/fr\/shop\/runway-look-3-top-plexi-incruste-en-dentelle-calais\/","title":{"rendered":"RUNWAY LOOK 3 &#8211; Top Plexi incrust\u00e9 en dentelle Calais"},"content":{"rendered":"<p>Top en dentelle en plexiglas r\u00e9alis\u00e9 en collaboration avec mon amie Frances O. Je lui ai demand\u00e9 de mettre notre dentelle de Calais dans du plexiglas et de les assembler pour faire un top. Assemblage avec des anneaux argent\u00e9s. Dos ouvert, bretelles en anneaux argent\u00e9s ajustables dans le dos. Pi\u00e8ce unique.<\/p>\n<p>D\u00e9tail de l&rsquo;inscription &lsquo;No Change No Future&rsquo; sur l&rsquo;une des bretelles du dos.<\/p>\n<p>LOOK 3 issu de notre premier d\u00e9fil\u00e9 \u00ab\u00a0Premi\u00e8re fois\u00a0\u00bb en Mars 2022.<\/p>\n<p>La mod\u00e8le mesure 1m75 et porte une taille S-36.<\/p>\n","protected":false},"excerpt":{"rendered":"<p>Top en dentelle en plexiglas r\u00e9alis\u00e9 en collaboration avec mon amie Frances O. Je lui ai demand\u00e9 de mettre notre dentelle de&hellip;<\/p>\n","protected":false},"featured_media":340847,"template":"","meta":[],"product_brand":[],"product_cat":[671,667,674,661],"product_tag":[],"class_list":{"0":"post-361341","1":"product","2":"type-product","3":"status-publish","4":"has-post-thumbnail","6":"product_cat-defiles","7":"product_cat-dernieres-pieces","8":"product_cat-tops","9":"product_cat-tout-voir","10":"pa_taille-l-40-2","11":"pa_taille-m-38-2","12":"pa_taille-s-36-2","13":"pa_taille-sur-mesure-fr-2","14":"pa_taille-xl-42-fr-2","15":"pa_taille-xs-34-2","17":"first","18":"outofstock","19":"taxable","20":"shipping-taxable","21":"purchasable","22":"product-type-variable"},"_links":{"self":[{"href":"https:\/\/maisoncleo.com\/fr\/wp-json\/wp\/v2\/product\/361341","targetHints":{"allow":["GET"]}}],"collection":[{"href":"https:\/\/maisoncleo.com\/fr\/wp-json\/wp\/v2\/product"}],"about":[{"href":"https:\/\/maisoncleo.com\/fr\/wp-json\/wp\/v2\/types\/product"}],"version-history":[{"count":1,"href":"https:\/\/maisoncleo.com\/fr\/wp-json\/wp\/v2\/product\/361341\/revisions"}],"predecessor-version":[{"id":361389,"href":"https:\/\/maisoncleo.com\/fr\/wp-json\/wp\/v2\/product\/361341\/revisions\/361389"}],"wp:featuredmedia":[{"embeddable":true,"href":"https:\/\/maisoncleo.com\/fr\/wp-json\/wp\/v2\/media\/340847"}],"wp:attachment":[{"href":"https:\/\/maisoncleo.com\/fr\/wp-json\/wp\/v2\/media?parent=361341"}],"wp:term":[{"taxonomy":"product_brand","embeddable":true,"href":"https:\/\/maisoncleo.com\/fr\/wp-json\/wp\/v2\/product_brand?post=361341"},{"taxonomy":"product_cat","embeddable":true,"href":"https:\/\/maisoncleo.com\/fr\/wp-json\/wp\/v2\/product_cat?post=361341"},{"taxonomy":"product_tag","embeddable":true,"href":"https:\/\/maisoncleo.com\/fr\/wp-json\/wp\/v2\/product_tag?post=361341"}],"curies":[{"name":"wp","href":"https:\/\/api.w.org\/{rel}","templated":true}]}}