{"id":361312,"date":"2024-09-09T22:35:36","date_gmt":"2024-09-10T13:45:50","guid":{"rendered":"https:\/\/maisoncleo.com\/\/?post_type=product&#038;p=361312"},"modified":"2024-09-10T21:10:02","modified_gmt":"2024-09-10T19:10:02","slug":"runway-look-1-t-shirt-en-dentelle-pailletee-bleu-ocean","status":"publish","type":"product","link":"https:\/\/maisoncleo.com\/fr\/shop\/runway-look-1-t-shirt-en-dentelle-pailletee-bleu-ocean\/","title":{"rendered":"RUNWAY LOOK 1 &#8211; T-shirt en dentelle paillet\u00e9e bleu oc\u00e9an"},"content":{"rendered":"<p>T-shirt en dentelle bleu oc\u00e9an. Manches courtes, l\u00e9g\u00e8rement parsem\u00e9 de paillettes. Dentelle de Calais.<\/p>\n<p>LOOK 1 issu de notre premier d\u00e9fil\u00e9 \u00a0\u00ab\u00a0Premi\u00e8re Fois\u00a0\u00bb en mars 2022.<\/p>\n<p>La mod\u00e8le mesure 1m75.<\/p>\n","protected":false},"excerpt":{"rendered":"<p>T-shirt en dentelle bleu oc\u00e9an. Manches courtes, l\u00e9g\u00e8rement parsem\u00e9 de paillettes. Dentelle de Calais. LOOK 1 issu de notre premier d\u00e9fil\u00e9 \u00a0\u00ab\u00a0Premi\u00e8re&hellip;<\/p>\n","protected":false},"featured_media":340782,"template":"","meta":[],"product_brand":[],"product_cat":[671,667,674,661],"product_tag":[],"class_list":{"0":"post-361312","1":"product","2":"type-product","3":"status-publish","4":"has-post-thumbnail","6":"product_cat-defiles","7":"product_cat-dernieres-pieces","8":"product_cat-tops","9":"product_cat-tout-voir","10":"pa_taille-l-40-2","11":"pa_taille-m-38-2","12":"pa_taille-s-36-2","13":"pa_taille-sur-mesure-fr-2","14":"pa_taille-xl-42-fr-2","15":"pa_taille-xs-34-2","17":"first","18":"outofstock","19":"taxable","20":"shipping-taxable","21":"purchasable","22":"product-type-variable"},"_links":{"self":[{"href":"https:\/\/maisoncleo.com\/fr\/wp-json\/wp\/v2\/product\/361312","targetHints":{"allow":["GET"]}}],"collection":[{"href":"https:\/\/maisoncleo.com\/fr\/wp-json\/wp\/v2\/product"}],"about":[{"href":"https:\/\/maisoncleo.com\/fr\/wp-json\/wp\/v2\/types\/product"}],"version-history":[{"count":1,"href":"https:\/\/maisoncleo.com\/fr\/wp-json\/wp\/v2\/product\/361312\/revisions"}],"predecessor-version":[{"id":361338,"href":"https:\/\/maisoncleo.com\/fr\/wp-json\/wp\/v2\/product\/361312\/revisions\/361338"}],"wp:featuredmedia":[{"embeddable":true,"href":"https:\/\/maisoncleo.com\/fr\/wp-json\/wp\/v2\/media\/340782"}],"wp:attachment":[{"href":"https:\/\/maisoncleo.com\/fr\/wp-json\/wp\/v2\/media?parent=361312"}],"wp:term":[{"taxonomy":"product_brand","embeddable":true,"href":"https:\/\/maisoncleo.com\/fr\/wp-json\/wp\/v2\/product_brand?post=361312"},{"taxonomy":"product_cat","embeddable":true,"href":"https:\/\/maisoncleo.com\/fr\/wp-json\/wp\/v2\/product_cat?post=361312"},{"taxonomy":"product_tag","embeddable":true,"href":"https:\/\/maisoncleo.com\/fr\/wp-json\/wp\/v2\/product_tag?post=361312"}],"curies":[{"name":"wp","href":"https:\/\/api.w.org\/{rel}","templated":true}]}}