{"id":361167,"date":"2024-09-09T22:13:23","date_gmt":"2024-09-10T13:40:36","guid":{"rendered":"https:\/\/maisoncleo.com\/\/?post_type=product&#038;p=361167"},"modified":"2024-09-10T21:09:47","modified_gmt":"2024-09-10T19:09:47","slug":"jupe-a-fentes-a-carreaux-moutardes-oana","status":"publish","type":"product","link":"https:\/\/maisoncleo.com\/fr\/shop\/jupe-a-fentes-a-carreaux-moutardes-oana\/","title":{"rendered":"Jupe \u00e0 fentes \u00e0 carreaux moutardes OANA"},"content":{"rendered":"<p>Jupe \u00e0 fentes avec motifs \u00e0 carreaux moutardes et avec des poches \u00e9crues. Deux fentes sur le devant, coupe trap\u00e8ze, passants. Laine m\u00e9lang\u00e9e. Possibilit\u00e9 d&rsquo;ajouter une doublure en soie pour 40 euros, le notifier lors des commentaires au moment du panier ou par email apr\u00e8s la commande. Nous pouvons faire 13 jupes dans ce tissu.<\/p>\n<p>La mod\u00e8le mesure 1m71.<\/p>\n","protected":false},"excerpt":{"rendered":"<p>Jupe \u00e0 fentes avec motifs \u00e0 carreaux moutardes et avec des poches \u00e9crues. Deux fentes sur le devant, coupe trap\u00e8ze, passants. Laine&hellip;<\/p>\n","protected":false},"featured_media":340463,"template":"","meta":[],"product_brand":[],"product_cat":[667,672],"product_tag":[],"class_list":{"0":"post-361167","1":"product","2":"type-product","3":"status-publish","4":"has-post-thumbnail","6":"product_cat-dernieres-pieces","7":"product_cat-jupes","8":"pa_taille-l-40-2","9":"pa_taille-m-38-2","10":"pa_taille-s-36-2","11":"pa_taille-sur-mesure-fr-2","12":"pa_taille-xl-42-fr-2","13":"pa_taille-xs-34-2","15":"first","16":"instock","17":"taxable","18":"shipping-taxable","19":"purchasable","20":"product-type-variable"},"_links":{"self":[{"href":"https:\/\/maisoncleo.com\/fr\/wp-json\/wp\/v2\/product\/361167","targetHints":{"allow":["GET"]}}],"collection":[{"href":"https:\/\/maisoncleo.com\/fr\/wp-json\/wp\/v2\/product"}],"about":[{"href":"https:\/\/maisoncleo.com\/fr\/wp-json\/wp\/v2\/types\/product"}],"version-history":[{"count":1,"href":"https:\/\/maisoncleo.com\/fr\/wp-json\/wp\/v2\/product\/361167\/revisions"}],"predecessor-version":[{"id":361232,"href":"https:\/\/maisoncleo.com\/fr\/wp-json\/wp\/v2\/product\/361167\/revisions\/361232"}],"wp:featuredmedia":[{"embeddable":true,"href":"https:\/\/maisoncleo.com\/fr\/wp-json\/wp\/v2\/media\/340463"}],"wp:attachment":[{"href":"https:\/\/maisoncleo.com\/fr\/wp-json\/wp\/v2\/media?parent=361167"}],"wp:term":[{"taxonomy":"product_brand","embeddable":true,"href":"https:\/\/maisoncleo.com\/fr\/wp-json\/wp\/v2\/product_brand?post=361167"},{"taxonomy":"product_cat","embeddable":true,"href":"https:\/\/maisoncleo.com\/fr\/wp-json\/wp\/v2\/product_cat?post=361167"},{"taxonomy":"product_tag","embeddable":true,"href":"https:\/\/maisoncleo.com\/fr\/wp-json\/wp\/v2\/product_tag?post=361167"}],"curies":[{"name":"wp","href":"https:\/\/api.w.org\/{rel}","templated":true}]}}