{"id":361140,"date":"2024-09-09T22:16:54","date_gmt":"2024-09-10T13:39:29","guid":{"rendered":"https:\/\/maisoncleo.com\/\/?post_type=product&#038;p=361140"},"modified":"2024-09-10T21:09:50","modified_gmt":"2024-09-10T19:09:50","slug":"mini-jupe-a-motifs-tigre-en-velours-jade","status":"publish","type":"product","link":"https:\/\/maisoncleo.com\/fr\/shop\/mini-jupe-a-motifs-tigre-en-velours-jade\/","title":{"rendered":"Mini jupe \u00e0 motifs tigre en velours JADE"},"content":{"rendered":"<p>Jupe en velours \u00e9pais \u00e0 motifs tigre, coupe droite, longueur mini. Non doubl\u00e9e. Longueur = 35 cm. Dite nous si vous souhaitez ajouter un peu de longueur.<\/p>\n<p>La mod\u00e8le mesure 1m65.<\/p>\n","protected":false},"excerpt":{"rendered":"<p>Jupe en velours \u00e9pais \u00e0 motifs tigre, coupe droite, longueur mini. Non doubl\u00e9e. Longueur = 35 cm. Dite nous si vous souhaitez&hellip;<\/p>\n","protected":false},"featured_media":340552,"template":"","meta":[],"product_brand":[],"product_cat":[667,672,960],"product_tag":[],"class_list":{"0":"post-361140","1":"product","2":"type-product","3":"status-publish","4":"has-post-thumbnail","6":"product_cat-dernieres-pieces","7":"product_cat-jupes","8":"product_cat-leopard-selection","9":"pa_taille-l-40-2","10":"pa_taille-m-38-2","11":"pa_taille-s-36-2","12":"pa_taille-sur-mesure-fr-2","13":"pa_taille-xl-42-fr-2","14":"pa_taille-xs-34-2","16":"first","17":"instock","18":"taxable","19":"shipping-taxable","20":"purchasable","21":"product-type-variable"},"_links":{"self":[{"href":"https:\/\/maisoncleo.com\/fr\/wp-json\/wp\/v2\/product\/361140","targetHints":{"allow":["GET"]}}],"collection":[{"href":"https:\/\/maisoncleo.com\/fr\/wp-json\/wp\/v2\/product"}],"about":[{"href":"https:\/\/maisoncleo.com\/fr\/wp-json\/wp\/v2\/types\/product"}],"version-history":[{"count":1,"href":"https:\/\/maisoncleo.com\/fr\/wp-json\/wp\/v2\/product\/361140\/revisions"}],"predecessor-version":[{"id":361265,"href":"https:\/\/maisoncleo.com\/fr\/wp-json\/wp\/v2\/product\/361140\/revisions\/361265"}],"wp:featuredmedia":[{"embeddable":true,"href":"https:\/\/maisoncleo.com\/fr\/wp-json\/wp\/v2\/media\/340552"}],"wp:attachment":[{"href":"https:\/\/maisoncleo.com\/fr\/wp-json\/wp\/v2\/media?parent=361140"}],"wp:term":[{"taxonomy":"product_brand","embeddable":true,"href":"https:\/\/maisoncleo.com\/fr\/wp-json\/wp\/v2\/product_brand?post=361140"},{"taxonomy":"product_cat","embeddable":true,"href":"https:\/\/maisoncleo.com\/fr\/wp-json\/wp\/v2\/product_cat?post=361140"},{"taxonomy":"product_tag","embeddable":true,"href":"https:\/\/maisoncleo.com\/fr\/wp-json\/wp\/v2\/product_tag?post=361140"}],"curies":[{"name":"wp","href":"https:\/\/api.w.org\/{rel}","templated":true}]}}