{"id":360988,"date":"2024-09-09T22:08:45","date_gmt":"2024-09-10T13:33:28","guid":{"rendered":"https:\/\/maisoncleo.com\/\/?post_type=product&#038;p=360988"},"modified":"2024-09-10T21:09:40","modified_gmt":"2024-09-10T19:09:40","slug":"mini-jupe-en-laine-a-carreaux-verts-jade","status":"publish","type":"product","link":"https:\/\/maisoncleo.com\/fr\/shop\/mini-jupe-en-laine-a-carreaux-verts-jade\/","title":{"rendered":"Mini jupe en laine \u00e0 carreaux verts JADE"},"content":{"rendered":"<p>Jupe en laine mini \u00e0 carreaux verts fabriqu\u00e9e dans un tissu en laine limit\u00e9, coupe droite, longueur mini. Non doubl\u00e9. Possibilit\u00e9 d\u2019ajouter une doublure en soie pour 40 euros, le notifier lors des commentaires au moment du panier ou par email apr\u00e8s la commande. Longueur = 35 cm. Dite nous si vous souhaitez ajouter un peu de longueur.<\/p>\n<p>La mod\u00e8le mesure 1m71.<\/p>\n","protected":false},"excerpt":{"rendered":"<p>Jupe en laine mini \u00e0 carreaux verts fabriqu\u00e9e dans un tissu en laine limit\u00e9, coupe droite, longueur mini. Non doubl\u00e9. Possibilit\u00e9 d\u2019ajouter&hellip;<\/p>\n","protected":false},"featured_media":340342,"template":"","meta":[],"product_brand":[],"product_cat":[667,672],"product_tag":[],"class_list":{"0":"post-360988","1":"product","2":"type-product","3":"status-publish","4":"has-post-thumbnail","6":"product_cat-dernieres-pieces","7":"product_cat-jupes","8":"pa_taille-l-40-2","9":"pa_taille-m-38-2","10":"pa_taille-s-36-2","11":"pa_taille-sur-mesure-fr-2","12":"pa_taille-xl-42-fr-2","13":"pa_taille-xs-34-2","15":"first","16":"outofstock","17":"taxable","18":"shipping-taxable","19":"purchasable","20":"product-type-variable"},"_links":{"self":[{"href":"https:\/\/maisoncleo.com\/fr\/wp-json\/wp\/v2\/product\/360988","targetHints":{"allow":["GET"]}}],"collection":[{"href":"https:\/\/maisoncleo.com\/fr\/wp-json\/wp\/v2\/product"}],"about":[{"href":"https:\/\/maisoncleo.com\/fr\/wp-json\/wp\/v2\/types\/product"}],"version-history":[{"count":1,"href":"https:\/\/maisoncleo.com\/fr\/wp-json\/wp\/v2\/product\/360988\/revisions"}],"predecessor-version":[{"id":361128,"href":"https:\/\/maisoncleo.com\/fr\/wp-json\/wp\/v2\/product\/360988\/revisions\/361128"}],"wp:featuredmedia":[{"embeddable":true,"href":"https:\/\/maisoncleo.com\/fr\/wp-json\/wp\/v2\/media\/340342"}],"wp:attachment":[{"href":"https:\/\/maisoncleo.com\/fr\/wp-json\/wp\/v2\/media?parent=360988"}],"wp:term":[{"taxonomy":"product_brand","embeddable":true,"href":"https:\/\/maisoncleo.com\/fr\/wp-json\/wp\/v2\/product_brand?post=360988"},{"taxonomy":"product_cat","embeddable":true,"href":"https:\/\/maisoncleo.com\/fr\/wp-json\/wp\/v2\/product_cat?post=360988"},{"taxonomy":"product_tag","embeddable":true,"href":"https:\/\/maisoncleo.com\/fr\/wp-json\/wp\/v2\/product_tag?post=360988"}],"curies":[{"name":"wp","href":"https:\/\/api.w.org\/{rel}","templated":true}]}}