{"id":360913,"date":"2024-09-09T22:02:01","date_gmt":"2024-09-10T13:31:27","guid":{"rendered":"https:\/\/maisoncleo.com\/\/?post_type=product&#038;p=360913"},"modified":"2024-09-10T21:09:27","modified_gmt":"2024-09-10T19:09:27","slug":"jupe-rose-fente-en-laine-et-poches-a-carreaux-violets-oana","status":"publish","type":"product","link":"https:\/\/maisoncleo.com\/fr\/shop\/jupe-rose-fente-en-laine-et-poches-a-carreaux-violets-oana\/","title":{"rendered":"Jupe rose fente en laine et poches \u00e0 carreaux violets OANA"},"content":{"rendered":"<p>Jupe en laine \u00e0 fente rose fluo avec des poches \u00e0 carreaux violets. Une fente sur le devant, coupe trap\u00e8ze, passants. 100% laine. Possibilit\u00e9 d&rsquo;ajouter une doublure en soie pour 40 euros, le notifier lors des commentaires au moment du panier ou par email apr\u00e8s la commande.<\/p>\n<p>La mod\u00e8le mesure 1m68.<\/p>\n","protected":false},"excerpt":{"rendered":"<p>Jupe en laine \u00e0 fente rose fluo avec des poches \u00e0 carreaux violets. Une fente sur le devant, coupe trap\u00e8ze, passants. 100%&hellip;<\/p>\n","protected":false},"featured_media":340080,"template":"","meta":[],"product_brand":[],"product_cat":[667,672],"product_tag":[],"class_list":{"0":"post-360913","1":"product","2":"type-product","3":"status-publish","4":"has-post-thumbnail","6":"product_cat-dernieres-pieces","7":"product_cat-jupes","8":"pa_taille-l-40-2","9":"pa_taille-m-38-2","10":"pa_taille-s-36-2","11":"pa_taille-sur-mesure-fr-2","12":"pa_taille-xl-42-fr-2","13":"pa_taille-xs-34-2","15":"first","16":"instock","17":"taxable","18":"shipping-taxable","19":"purchasable","20":"product-type-variable"},"_links":{"self":[{"href":"https:\/\/maisoncleo.com\/fr\/wp-json\/wp\/v2\/product\/360913","targetHints":{"allow":["GET"]}}],"collection":[{"href":"https:\/\/maisoncleo.com\/fr\/wp-json\/wp\/v2\/product"}],"about":[{"href":"https:\/\/maisoncleo.com\/fr\/wp-json\/wp\/v2\/types\/product"}],"version-history":[{"count":1,"href":"https:\/\/maisoncleo.com\/fr\/wp-json\/wp\/v2\/product\/360913\/revisions"}],"predecessor-version":[{"id":360941,"href":"https:\/\/maisoncleo.com\/fr\/wp-json\/wp\/v2\/product\/360913\/revisions\/360941"}],"wp:featuredmedia":[{"embeddable":true,"href":"https:\/\/maisoncleo.com\/fr\/wp-json\/wp\/v2\/media\/340080"}],"wp:attachment":[{"href":"https:\/\/maisoncleo.com\/fr\/wp-json\/wp\/v2\/media?parent=360913"}],"wp:term":[{"taxonomy":"product_brand","embeddable":true,"href":"https:\/\/maisoncleo.com\/fr\/wp-json\/wp\/v2\/product_brand?post=360913"},{"taxonomy":"product_cat","embeddable":true,"href":"https:\/\/maisoncleo.com\/fr\/wp-json\/wp\/v2\/product_cat?post=360913"},{"taxonomy":"product_tag","embeddable":true,"href":"https:\/\/maisoncleo.com\/fr\/wp-json\/wp\/v2\/product_tag?post=360913"}],"curies":[{"name":"wp","href":"https:\/\/api.w.org\/{rel}","templated":true}]}}