{"id":360912,"date":"2024-09-09T22:02:01","date_gmt":"2024-09-10T13:31:27","guid":{"rendered":"https:\/\/maisoncleo.com\/\/?post_type=product&#038;p=360912"},"modified":"2024-09-10T21:09:29","modified_gmt":"2024-09-10T19:09:29","slug":"veste-en-laine-a-carreaux-violets-et-roses-oana","status":"publish","type":"product","link":"https:\/\/maisoncleo.com\/fr\/shop\/veste-en-laine-a-carreaux-violets-et-roses-oana\/","title":{"rendered":"Veste en laine \u00e0 carreaux violets et roses OANA"},"content":{"rendered":"<p>Veste en laine \u00e0 carreaux violets et roses, fabriqu\u00e9e dans un lainage limit\u00e9, col rond, boutons blancs uniques vintage, coupe oversize. Deux poches sur le devant. 100% laine. Non doubl\u00e9e.<\/p>\n<p>La mod\u00e8le mesure 1m68.<\/p>\n","protected":false},"excerpt":{"rendered":"<p>Veste en laine \u00e0 carreaux violets et roses, fabriqu\u00e9e dans un lainage limit\u00e9, col rond, boutons blancs uniques vintage, coupe oversize. Deux&hellip;<\/p>\n","protected":false},"featured_media":340096,"template":"","meta":[],"product_brand":[],"product_cat":[667,665],"product_tag":[],"class_list":{"0":"post-360912","1":"product","2":"type-product","3":"status-publish","4":"has-post-thumbnail","6":"product_cat-dernieres-pieces","7":"product_cat-vestes-manteaux","8":"pa_taille-l-40-2","9":"pa_taille-m-38-2","10":"pa_taille-s-36-2","11":"pa_taille-sur-mesure-fr-2","12":"pa_taille-xl-42-fr-2","13":"pa_taille-xs-34-2","15":"first","16":"instock","17":"taxable","18":"shipping-taxable","19":"purchasable","20":"product-type-variable"},"_links":{"self":[{"href":"https:\/\/maisoncleo.com\/fr\/wp-json\/wp\/v2\/product\/360912","targetHints":{"allow":["GET"]}}],"collection":[{"href":"https:\/\/maisoncleo.com\/fr\/wp-json\/wp\/v2\/product"}],"about":[{"href":"https:\/\/maisoncleo.com\/fr\/wp-json\/wp\/v2\/types\/product"}],"version-history":[{"count":1,"href":"https:\/\/maisoncleo.com\/fr\/wp-json\/wp\/v2\/product\/360912\/revisions"}],"predecessor-version":[{"id":360942,"href":"https:\/\/maisoncleo.com\/fr\/wp-json\/wp\/v2\/product\/360912\/revisions\/360942"}],"wp:featuredmedia":[{"embeddable":true,"href":"https:\/\/maisoncleo.com\/fr\/wp-json\/wp\/v2\/media\/340096"}],"wp:attachment":[{"href":"https:\/\/maisoncleo.com\/fr\/wp-json\/wp\/v2\/media?parent=360912"}],"wp:term":[{"taxonomy":"product_brand","embeddable":true,"href":"https:\/\/maisoncleo.com\/fr\/wp-json\/wp\/v2\/product_brand?post=360912"},{"taxonomy":"product_cat","embeddable":true,"href":"https:\/\/maisoncleo.com\/fr\/wp-json\/wp\/v2\/product_cat?post=360912"},{"taxonomy":"product_tag","embeddable":true,"href":"https:\/\/maisoncleo.com\/fr\/wp-json\/wp\/v2\/product_tag?post=360912"}],"curies":[{"name":"wp","href":"https:\/\/api.w.org\/{rel}","templated":true}]}}