{"id":360822,"date":"2024-09-09T21:52:33","date_gmt":"2024-09-10T13:29:07","guid":{"rendered":"https:\/\/maisoncleo.com\/\/?post_type=product&#038;p=360822"},"modified":"2024-09-10T21:12:18","modified_gmt":"2024-09-10T19:12:18","slug":"robe-oversize-en-coton-blanc-avec-col-josepha","status":"publish","type":"product","link":"https:\/\/maisoncleo.com\/fr\/shop\/robe-oversize-en-coton-blanc-avec-col-josepha\/","title":{"rendered":"Robe oversize en coton blanc avec col JOSEPHA"},"content":{"rendered":"<p>Robe en coton blanc, coupe asym\u00e9trique oversize avec une grand col volant\u00e9 avec broderies, un peu plus court devant que derri\u00e8re, manches courtes bouffantes, deux poches sur le devant. 100% coton.<\/p>\n","protected":false},"excerpt":{"rendered":"<p>Robe en coton blanc, coupe asym\u00e9trique oversize avec une grand col volant\u00e9 avec broderies, un peu plus court devant que derri\u00e8re, manches&hellip;<\/p>\n","protected":false},"featured_media":343229,"template":"","meta":[],"product_brand":[],"product_cat":[662,667,958,664,661],"product_tag":[],"class_list":{"0":"post-360822","1":"product","2":"type-product","3":"status-publish","4":"has-post-thumbnail","6":"product_cat-basiques","7":"product_cat-dernieres-pieces","8":"product_cat-mariage-selection","9":"product_cat-robes","10":"product_cat-tout-voir","11":"pa_taille-l-40-2","12":"pa_taille-m-38-2","13":"pa_taille-s-36-2","14":"pa_taille-sur-mesure-fr-2","15":"pa_taille-xl-42-fr-2","16":"pa_taille-xs-34-2","18":"first","19":"instock","20":"taxable","21":"shipping-taxable","22":"purchasable","23":"product-type-variable"},"_links":{"self":[{"href":"https:\/\/maisoncleo.com\/fr\/wp-json\/wp\/v2\/product\/360822","targetHints":{"allow":["GET"]}}],"collection":[{"href":"https:\/\/maisoncleo.com\/fr\/wp-json\/wp\/v2\/product"}],"about":[{"href":"https:\/\/maisoncleo.com\/fr\/wp-json\/wp\/v2\/types\/product"}],"version-history":[{"count":1,"href":"https:\/\/maisoncleo.com\/fr\/wp-json\/wp\/v2\/product\/360822\/revisions"}],"predecessor-version":[{"id":362192,"href":"https:\/\/maisoncleo.com\/fr\/wp-json\/wp\/v2\/product\/360822\/revisions\/362192"}],"wp:featuredmedia":[{"embeddable":true,"href":"https:\/\/maisoncleo.com\/fr\/wp-json\/wp\/v2\/media\/343229"}],"wp:attachment":[{"href":"https:\/\/maisoncleo.com\/fr\/wp-json\/wp\/v2\/media?parent=360822"}],"wp:term":[{"taxonomy":"product_brand","embeddable":true,"href":"https:\/\/maisoncleo.com\/fr\/wp-json\/wp\/v2\/product_brand?post=360822"},{"taxonomy":"product_cat","embeddable":true,"href":"https:\/\/maisoncleo.com\/fr\/wp-json\/wp\/v2\/product_cat?post=360822"},{"taxonomy":"product_tag","embeddable":true,"href":"https:\/\/maisoncleo.com\/fr\/wp-json\/wp\/v2\/product_tag?post=360822"}],"curies":[{"name":"wp","href":"https:\/\/api.w.org\/{rel}","templated":true}]}}