{"id":360821,"date":"2024-09-09T21:52:33","date_gmt":"2024-09-10T13:29:07","guid":{"rendered":"https:\/\/maisoncleo.com\/\/?post_type=product&#038;p=360821"},"modified":"2024-09-10T21:12:15","modified_gmt":"2024-09-10T19:12:15","slug":"robe-oversize-en-velours-de-coton-noir-josephine","status":"publish","type":"product","link":"https:\/\/maisoncleo.com\/fr\/shop\/robe-oversize-en-velours-de-coton-noir-josephine\/","title":{"rendered":"Robe oversize en velours de coton noir JOSEPHINE"},"content":{"rendered":"<p>Robe en velours de coton noir \u00e9pais, coupe asym\u00e9trique oversize avec un col rond et un col rond bord\u00e9 de broderies, un peu plus court devant que derri\u00e8re, manches courtes bouffantes. 100% velours de coton.<\/p>\n","protected":false},"excerpt":{"rendered":"<p>Robe en velours de coton noir \u00e9pais, coupe asym\u00e9trique oversize avec un col rond et un col rond bord\u00e9 de broderies, un&hellip;<\/p>\n","protected":false},"featured_media":343166,"template":"","meta":[],"product_brand":[],"product_cat":[662,667,664,661],"product_tag":[],"class_list":{"0":"post-360821","1":"product","2":"type-product","3":"status-publish","4":"has-post-thumbnail","6":"product_cat-basiques","7":"product_cat-dernieres-pieces","8":"product_cat-robes","9":"product_cat-tout-voir","10":"pa_taille-l-40-2","11":"pa_taille-m-38-2","12":"pa_taille-s-36-2","13":"pa_taille-sur-mesure-fr-2","14":"pa_taille-xl-42-fr-2","15":"pa_taille-xs-34-2","17":"first","18":"instock","19":"taxable","20":"shipping-taxable","21":"purchasable","22":"product-type-variable"},"_links":{"self":[{"href":"https:\/\/maisoncleo.com\/fr\/wp-json\/wp\/v2\/product\/360821","targetHints":{"allow":["GET"]}}],"collection":[{"href":"https:\/\/maisoncleo.com\/fr\/wp-json\/wp\/v2\/product"}],"about":[{"href":"https:\/\/maisoncleo.com\/fr\/wp-json\/wp\/v2\/types\/product"}],"version-history":[{"count":1,"href":"https:\/\/maisoncleo.com\/fr\/wp-json\/wp\/v2\/product\/360821\/revisions"}],"predecessor-version":[{"id":362166,"href":"https:\/\/maisoncleo.com\/fr\/wp-json\/wp\/v2\/product\/360821\/revisions\/362166"}],"wp:featuredmedia":[{"embeddable":true,"href":"https:\/\/maisoncleo.com\/fr\/wp-json\/wp\/v2\/media\/343166"}],"wp:attachment":[{"href":"https:\/\/maisoncleo.com\/fr\/wp-json\/wp\/v2\/media?parent=360821"}],"wp:term":[{"taxonomy":"product_brand","embeddable":true,"href":"https:\/\/maisoncleo.com\/fr\/wp-json\/wp\/v2\/product_brand?post=360821"},{"taxonomy":"product_cat","embeddable":true,"href":"https:\/\/maisoncleo.com\/fr\/wp-json\/wp\/v2\/product_cat?post=360821"},{"taxonomy":"product_tag","embeddable":true,"href":"https:\/\/maisoncleo.com\/fr\/wp-json\/wp\/v2\/product_tag?post=360821"}],"curies":[{"name":"wp","href":"https:\/\/api.w.org\/{rel}","templated":true}]}}