{"id":360820,"date":"2024-09-09T21:52:33","date_gmt":"2024-09-10T13:29:07","guid":{"rendered":"https:\/\/maisoncleo.com\/\/?post_type=product&#038;p=360820"},"modified":"2024-09-10T21:09:16","modified_gmt":"2024-09-10T19:09:16","slug":"robe-a-carreaux-bleus-en-laine-melangee-josepha","status":"publish","type":"product","link":"https:\/\/maisoncleo.com\/fr\/shop\/robe-a-carreaux-bleus-en-laine-melangee-josepha\/","title":{"rendered":"Robe \u00e0 carreaux bleus en laine m\u00e9lang\u00e9e JOSEPHA"},"content":{"rendered":"<p>Robe asym\u00e9trique oversize faite dans un tissu laine m\u00e9lang\u00e9e l\u00e9ger \u00e0 carreaux bleus. Col montant volant\u00e9, un peu plus court devant que derri\u00e8re, longues manches bouffantes. 100% laine l\u00e9g\u00e8re m\u00e9lang\u00e9e.<\/p>\n<p>La mod\u00e8le mesure 1m64.<\/p>\n","protected":false},"excerpt":{"rendered":"<p>Robe asym\u00e9trique oversize faite dans un tissu laine m\u00e9lang\u00e9e l\u00e9ger \u00e0 carreaux bleus. Col montant volant\u00e9, un peu plus court devant que&hellip;<\/p>\n","protected":false},"featured_media":339836,"template":"","meta":[],"product_brand":[],"product_cat":[667,664],"product_tag":[],"class_list":{"0":"post-360820","1":"product","2":"type-product","3":"status-publish","4":"has-post-thumbnail","6":"product_cat-dernieres-pieces","7":"product_cat-robes","8":"pa_taille-l-40-2","9":"pa_taille-m-38-2","10":"pa_taille-s-36-2","11":"pa_taille-sur-mesure-fr-2","12":"pa_taille-xl-42-fr-2","13":"pa_taille-xs-34-2","15":"first","16":"instock","17":"taxable","18":"shipping-taxable","19":"purchasable","20":"product-type-variable"},"_links":{"self":[{"href":"https:\/\/maisoncleo.com\/fr\/wp-json\/wp\/v2\/product\/360820","targetHints":{"allow":["GET"]}}],"collection":[{"href":"https:\/\/maisoncleo.com\/fr\/wp-json\/wp\/v2\/product"}],"about":[{"href":"https:\/\/maisoncleo.com\/fr\/wp-json\/wp\/v2\/types\/product"}],"version-history":[{"count":1,"href":"https:\/\/maisoncleo.com\/fr\/wp-json\/wp\/v2\/product\/360820\/revisions"}],"predecessor-version":[{"id":360840,"href":"https:\/\/maisoncleo.com\/fr\/wp-json\/wp\/v2\/product\/360820\/revisions\/360840"}],"wp:featuredmedia":[{"embeddable":true,"href":"https:\/\/maisoncleo.com\/fr\/wp-json\/wp\/v2\/media\/339836"}],"wp:attachment":[{"href":"https:\/\/maisoncleo.com\/fr\/wp-json\/wp\/v2\/media?parent=360820"}],"wp:term":[{"taxonomy":"product_brand","embeddable":true,"href":"https:\/\/maisoncleo.com\/fr\/wp-json\/wp\/v2\/product_brand?post=360820"},{"taxonomy":"product_cat","embeddable":true,"href":"https:\/\/maisoncleo.com\/fr\/wp-json\/wp\/v2\/product_cat?post=360820"},{"taxonomy":"product_tag","embeddable":true,"href":"https:\/\/maisoncleo.com\/fr\/wp-json\/wp\/v2\/product_tag?post=360820"}],"curies":[{"name":"wp","href":"https:\/\/api.w.org\/{rel}","templated":true}]}}