{"id":360696,"date":"2024-09-09T21:40:25","date_gmt":"2024-09-09T19:40:25","guid":{"rendered":"https:\/\/maisoncleo.com\/\/?post_type=product&#038;p=360696"},"modified":"2025-07-16T10:10:02","modified_gmt":"2025-07-16T08:10:02","slug":"blouse-fleurs-marguerite-en-coton-lea","status":"publish","type":"product","link":"https:\/\/maisoncleo.com\/fr\/shop\/blouse-fleurs-marguerite-en-coton-lea\/","title":{"rendered":"Blouse fleurs marguerite en coton LEA"},"content":{"rendered":"<p>Notre nouvelle blouse avec des petites marguerites, deux liens \u00e0 nouer sur le devant, manches bouffantes, petites marguerites sur les manches, le d\u00e9collet\u00e9 et le bas. Fabriqu\u00e9e avec des dentelles et galons de Calais notre ville. 100% coton.<\/p>\n<p>L&rsquo;option pour la longueur la plus longue sera de la m\u00eame longueur que notre blouse Ang\u00e8le.<\/p>\n<p>A noter : A partir de maintenant les bordures du top seront faites avec une nouvelle broderie visible sur la derni\u00e8re photo.<\/p>\n<p>La mod\u00e8le mesure 1m80.<\/p>\n","protected":false},"excerpt":{"rendered":"<p>Notre nouvelle blouse avec des petites marguerites, deux liens \u00e0 nouer sur le devant, manches bouffantes, petites marguerites sur les manches, le&hellip;<\/p>\n","protected":false},"featured_media":339629,"template":"","meta":[],"product_brand":[],"product_cat":[663,667],"product_tag":[],"class_list":{"0":"post-360696","1":"product","2":"type-product","3":"status-publish","4":"has-post-thumbnail","6":"product_cat-blouses","7":"product_cat-dernieres-pieces","9":"first","10":"outofstock","11":"taxable","12":"shipping-taxable","13":"purchasable","14":"product-type-variable"},"_links":{"self":[{"href":"https:\/\/maisoncleo.com\/fr\/wp-json\/wp\/v2\/product\/360696","targetHints":{"allow":["GET"]}}],"collection":[{"href":"https:\/\/maisoncleo.com\/fr\/wp-json\/wp\/v2\/product"}],"about":[{"href":"https:\/\/maisoncleo.com\/fr\/wp-json\/wp\/v2\/types\/product"}],"version-history":[{"count":2,"href":"https:\/\/maisoncleo.com\/fr\/wp-json\/wp\/v2\/product\/360696\/revisions"}],"predecessor-version":[{"id":388849,"href":"https:\/\/maisoncleo.com\/fr\/wp-json\/wp\/v2\/product\/360696\/revisions\/388849"}],"wp:featuredmedia":[{"embeddable":true,"href":"https:\/\/maisoncleo.com\/fr\/wp-json\/wp\/v2\/media\/339629"}],"wp:attachment":[{"href":"https:\/\/maisoncleo.com\/fr\/wp-json\/wp\/v2\/media?parent=360696"}],"wp:term":[{"taxonomy":"product_brand","embeddable":true,"href":"https:\/\/maisoncleo.com\/fr\/wp-json\/wp\/v2\/product_brand?post=360696"},{"taxonomy":"product_cat","embeddable":true,"href":"https:\/\/maisoncleo.com\/fr\/wp-json\/wp\/v2\/product_cat?post=360696"},{"taxonomy":"product_tag","embeddable":true,"href":"https:\/\/maisoncleo.com\/fr\/wp-json\/wp\/v2\/product_tag?post=360696"}],"curies":[{"name":"wp","href":"https:\/\/api.w.org\/{rel}","templated":true}]}}