{"id":360576,"date":"2024-09-09T21:28:56","date_gmt":"2024-09-10T13:20:05","guid":{"rendered":"https:\/\/maisoncleo.com\/\/?post_type=product&#038;p=360576"},"modified":"2024-09-10T21:08:49","modified_gmt":"2024-09-10T19:08:49","slug":"gilet-tricote-rose-bonbon-en-coton-organique-lore","status":"publish","type":"product","link":"https:\/\/maisoncleo.com\/fr\/shop\/gilet-tricote-rose-bonbon-en-coton-organique-lore\/","title":{"rendered":"Gilet tricot\u00e9 rose bonbon en coton organique LORE"},"content":{"rendered":"<p>Gilet tricot\u00e9 rose dans un fil luxe compos\u00e9 de 80% coton et 20% cachemire. C\u00f4tes, deux manches courtes. Les boutons sont vintage, il n&rsquo;est donc possible de n&rsquo;en faire que 5 exemplaires. Derni\u00e8re photo : port\u00e9 par notre tricoteuse Khenary &lt;3<\/p>\n<p>EDIT : PLUS DE BOUTONS VINTAGE DE DISPONIBLE, LES CARDIGANS SERONT MAINTENANT FAITS AVEC DES BOUTONS LOGO MAISONCLEO ROSES (fabriqu\u00e9s en France dans une entreprise familiale de boutons dans notre voisinage), REGARDEZ LES DEUX DERNIERES PHOTOS POUR VOIR LES BOUTONS.<\/p>\n<p>Nous mettons 2,5 heures pour en tricoter un! Vous pouvez demander la longueur que vous souhaitez. Litt\u00e9ralement le gilet \u00e0 porter pour toutes les occasions cet \u00e9t\u00e9!<\/p>\n<p>La mod\u00e8le mesure 1m70.<\/p>\n","protected":false},"excerpt":{"rendered":"<p>Gilet tricot\u00e9 rose dans un fil luxe compos\u00e9 de 80% coton et 20% cachemire. C\u00f4tes, deux manches courtes. Les boutons sont vintage,&hellip;<\/p>\n","protected":false},"featured_media":339341,"template":"","meta":[],"product_brand":[],"product_cat":[683,667,666],"product_tag":[],"class_list":{"0":"post-360576","1":"product","2":"type-product","3":"status-publish","4":"has-post-thumbnail","6":"product_cat-cardigans","7":"product_cat-dernieres-pieces","8":"product_cat-mailles","9":"pa_taille-l-40-2","10":"pa_taille-m-38-2","11":"pa_taille-s-36-2","12":"pa_taille-sur-mesure-fr-2","13":"pa_taille-xl-42-fr-2","14":"pa_taille-xs-34-2","16":"first","17":"instock","18":"taxable","19":"shipping-taxable","20":"purchasable","21":"product-type-variable"},"_links":{"self":[{"href":"https:\/\/maisoncleo.com\/fr\/wp-json\/wp\/v2\/product\/360576","targetHints":{"allow":["GET"]}}],"collection":[{"href":"https:\/\/maisoncleo.com\/fr\/wp-json\/wp\/v2\/product"}],"about":[{"href":"https:\/\/maisoncleo.com\/fr\/wp-json\/wp\/v2\/types\/product"}],"version-history":[{"count":1,"href":"https:\/\/maisoncleo.com\/fr\/wp-json\/wp\/v2\/product\/360576\/revisions"}],"predecessor-version":[{"id":360622,"href":"https:\/\/maisoncleo.com\/fr\/wp-json\/wp\/v2\/product\/360576\/revisions\/360622"}],"wp:featuredmedia":[{"embeddable":true,"href":"https:\/\/maisoncleo.com\/fr\/wp-json\/wp\/v2\/media\/339341"}],"wp:attachment":[{"href":"https:\/\/maisoncleo.com\/fr\/wp-json\/wp\/v2\/media?parent=360576"}],"wp:term":[{"taxonomy":"product_brand","embeddable":true,"href":"https:\/\/maisoncleo.com\/fr\/wp-json\/wp\/v2\/product_brand?post=360576"},{"taxonomy":"product_cat","embeddable":true,"href":"https:\/\/maisoncleo.com\/fr\/wp-json\/wp\/v2\/product_cat?post=360576"},{"taxonomy":"product_tag","embeddable":true,"href":"https:\/\/maisoncleo.com\/fr\/wp-json\/wp\/v2\/product_tag?post=360576"}],"curies":[{"name":"wp","href":"https:\/\/api.w.org\/{rel}","templated":true}]}}