{"id":360381,"date":"2024-09-09T21:13:25","date_gmt":"2024-09-10T13:13:58","guid":{"rendered":"https:\/\/maisoncleo.com\/\/?post_type=product&#038;p=360381"},"modified":"2024-09-10T21:08:24","modified_gmt":"2024-09-10T19:08:24","slug":"jupe-anne-version-ii","status":"publish","type":"product","link":"https:\/\/maisoncleo.com\/fr\/shop\/jupe-anne-version-ii\/","title":{"rendered":"Jupe ANNE version II"},"content":{"rendered":"<p>Le retour de notre jupe iconique! Jupe blanc cass\u00e9, tissu volant\u00e9, petit \u00e9lastique \u00e0 la taille, doubl\u00e9 avec un tissu en soie du m\u00eame ton.\u00a0Un superbe tissu en mousseline de 100% coton volant\u00e9. Effet smock\u00e9 avec des smocks sur tout le tissu, ce qui le rend un peu stretch. Cet effet smock\u00e9 rend le tissu assez volumineux. 1 m\u00e8tre de ce tissu co\u00fbte 55 euros, il provient d\u2019une usine de production de tissus dans notre voisinage qui fabriquait pour des maisons de Couture. Possible de demander d\u2019ajouter de la longueur.<\/p>\n","protected":false},"excerpt":{"rendered":"<p>Le retour de notre jupe iconique! Jupe blanc cass\u00e9, tissu volant\u00e9, petit \u00e9lastique \u00e0 la taille, doubl\u00e9 avec un tissu en soie&hellip;<\/p>\n","protected":false},"featured_media":338924,"template":"","meta":[],"product_brand":[],"product_cat":[667,672],"product_tag":[],"class_list":{"0":"post-360381","1":"product","2":"type-product","3":"status-publish","4":"has-post-thumbnail","6":"product_cat-dernieres-pieces","7":"product_cat-jupes","8":"pa_taille-l-40-2","9":"pa_taille-m-38-2","10":"pa_taille-s-36-2","11":"pa_taille-sur-mesure-fr-2","12":"pa_taille-xl-42-fr-2","13":"pa_taille-xs-34-2","15":"first","16":"outofstock","17":"taxable","18":"shipping-taxable","19":"purchasable","20":"product-type-variable"},"_links":{"self":[{"href":"https:\/\/maisoncleo.com\/fr\/wp-json\/wp\/v2\/product\/360381","targetHints":{"allow":["GET"]}}],"collection":[{"href":"https:\/\/maisoncleo.com\/fr\/wp-json\/wp\/v2\/product"}],"about":[{"href":"https:\/\/maisoncleo.com\/fr\/wp-json\/wp\/v2\/types\/product"}],"version-history":[{"count":1,"href":"https:\/\/maisoncleo.com\/fr\/wp-json\/wp\/v2\/product\/360381\/revisions"}],"predecessor-version":[{"id":360417,"href":"https:\/\/maisoncleo.com\/fr\/wp-json\/wp\/v2\/product\/360381\/revisions\/360417"}],"wp:featuredmedia":[{"embeddable":true,"href":"https:\/\/maisoncleo.com\/fr\/wp-json\/wp\/v2\/media\/338924"}],"wp:attachment":[{"href":"https:\/\/maisoncleo.com\/fr\/wp-json\/wp\/v2\/media?parent=360381"}],"wp:term":[{"taxonomy":"product_brand","embeddable":true,"href":"https:\/\/maisoncleo.com\/fr\/wp-json\/wp\/v2\/product_brand?post=360381"},{"taxonomy":"product_cat","embeddable":true,"href":"https:\/\/maisoncleo.com\/fr\/wp-json\/wp\/v2\/product_cat?post=360381"},{"taxonomy":"product_tag","embeddable":true,"href":"https:\/\/maisoncleo.com\/fr\/wp-json\/wp\/v2\/product_tag?post=360381"}],"curies":[{"name":"wp","href":"https:\/\/api.w.org\/{rel}","templated":true}]}}