{"id":360380,"date":"2024-09-09T21:13:25","date_gmt":"2024-09-10T13:13:58","guid":{"rendered":"https:\/\/maisoncleo.com\/\/?post_type=product&#038;p=360380"},"modified":"2024-09-10T21:10:55","modified_gmt":"2024-09-10T19:10:55","slug":"runway-look-32-jupe-anne-version-iii","status":"publish","type":"product","link":"https:\/\/maisoncleo.com\/fr\/shop\/runway-look-32-jupe-anne-version-iii\/","title":{"rendered":"RUNWAY LOOK 32 &#8211; Jupe ANNE version III"},"content":{"rendered":"<p>Jupe \u00e9crue, mati\u00e8re effet smock\u00e9. Ajust\u00e9e, taille haute, fermeture \u00e9clair zip dans le dos. 100% magnifique soie smock\u00e9e textur\u00e9e.<\/p>\n<p>LOOK 32 de notre premier d\u00e9fil\u00e9 \u00ab\u00a0Premi\u00e8re Fois\u00a0\u00bb en mars 2022.<\/p>\n<p>La mod\u00e8le mesure 1m75 et porte une taille S-36.<\/p>\n","protected":false},"excerpt":{"rendered":"<p>Jupe \u00e9crue, mati\u00e8re effet smock\u00e9. Ajust\u00e9e, taille haute, fermeture \u00e9clair zip dans le dos. 100% magnifique soie smock\u00e9e textur\u00e9e. LOOK 32 de&hellip;<\/p>\n","protected":false},"featured_media":341791,"template":"","meta":[],"product_brand":[],"product_cat":[671,667,672,661],"product_tag":[],"class_list":{"0":"post-360380","1":"product","2":"type-product","3":"status-publish","4":"has-post-thumbnail","6":"product_cat-defiles","7":"product_cat-dernieres-pieces","8":"product_cat-jupes","9":"product_cat-tout-voir","10":"pa_taille-l-40-2","11":"pa_taille-m-38-2","12":"pa_taille-s-36-2","13":"pa_taille-sur-mesure-fr-2","14":"pa_taille-xl-42-fr-2","15":"pa_taille-xs-34-2","17":"first","18":"outofstock","19":"taxable","20":"shipping-taxable","21":"purchasable","22":"product-type-variable"},"_links":{"self":[{"href":"https:\/\/maisoncleo.com\/fr\/wp-json\/wp\/v2\/product\/360380","targetHints":{"allow":["GET"]}}],"collection":[{"href":"https:\/\/maisoncleo.com\/fr\/wp-json\/wp\/v2\/product"}],"about":[{"href":"https:\/\/maisoncleo.com\/fr\/wp-json\/wp\/v2\/types\/product"}],"version-history":[{"count":1,"href":"https:\/\/maisoncleo.com\/fr\/wp-json\/wp\/v2\/product\/360380\/revisions"}],"predecessor-version":[{"id":361699,"href":"https:\/\/maisoncleo.com\/fr\/wp-json\/wp\/v2\/product\/360380\/revisions\/361699"}],"wp:featuredmedia":[{"embeddable":true,"href":"https:\/\/maisoncleo.com\/fr\/wp-json\/wp\/v2\/media\/341791"}],"wp:attachment":[{"href":"https:\/\/maisoncleo.com\/fr\/wp-json\/wp\/v2\/media?parent=360380"}],"wp:term":[{"taxonomy":"product_brand","embeddable":true,"href":"https:\/\/maisoncleo.com\/fr\/wp-json\/wp\/v2\/product_brand?post=360380"},{"taxonomy":"product_cat","embeddable":true,"href":"https:\/\/maisoncleo.com\/fr\/wp-json\/wp\/v2\/product_cat?post=360380"},{"taxonomy":"product_tag","embeddable":true,"href":"https:\/\/maisoncleo.com\/fr\/wp-json\/wp\/v2\/product_tag?post=360380"}],"curies":[{"name":"wp","href":"https:\/\/api.w.org\/{rel}","templated":true}]}}