{"id":360379,"date":"2024-09-09T21:13:25","date_gmt":"2024-09-10T13:13:58","guid":{"rendered":"https:\/\/maisoncleo.com\/\/?post_type=product&#038;p=360379"},"modified":"2024-09-10T21:10:56","modified_gmt":"2024-09-10T19:10:56","slug":"runway-look-32-blouse-anne-version-iii","status":"publish","type":"product","link":"https:\/\/maisoncleo.com\/fr\/shop\/runway-look-32-blouse-anne-version-iii\/","title":{"rendered":"RUNWAY LOOK 32 &#8211; Blouse ANNE version III"},"content":{"rendered":"<p>Blouse \u00e9crue, mati\u00e8re effet smock\u00e9. Deux liens sur le devant, manches courtes bouffantes, petits noeuds au bout de chaque manche. 100% magnifique soie textur\u00e9e.<\/p>\n<p>LOOK 32 de notre premier d\u00e9fil\u00e9 \u00ab\u00a0Premi\u00e8re Fois\u00a0\u00bb en mars 2022.<\/p>\n<p>La mod\u00e8le mesure 1m75 et porte une taille S-36.<\/p>\n","protected":false},"excerpt":{"rendered":"<p>Blouse \u00e9crue, mati\u00e8re effet smock\u00e9. Deux liens sur le devant, manches courtes bouffantes, petits noeuds au bout de chaque manche. 100% magnifique&hellip;<\/p>\n","protected":false},"featured_media":341807,"template":"","meta":[],"product_brand":[],"product_cat":[663,667,661],"product_tag":[],"class_list":{"0":"post-360379","1":"product","2":"type-product","3":"status-publish","4":"has-post-thumbnail","6":"product_cat-blouses","7":"product_cat-dernieres-pieces","8":"product_cat-tout-voir","9":"pa_taille-l-40-2","10":"pa_taille-m-38-2","11":"pa_taille-s-36-2","12":"pa_taille-sur-mesure-fr-2","13":"pa_taille-xl-42-fr-2","14":"pa_taille-xs-34-2","16":"first","17":"outofstock","18":"taxable","19":"shipping-taxable","20":"purchasable","21":"product-type-variable"},"_links":{"self":[{"href":"https:\/\/maisoncleo.com\/fr\/wp-json\/wp\/v2\/product\/360379","targetHints":{"allow":["GET"]}}],"collection":[{"href":"https:\/\/maisoncleo.com\/fr\/wp-json\/wp\/v2\/product"}],"about":[{"href":"https:\/\/maisoncleo.com\/fr\/wp-json\/wp\/v2\/types\/product"}],"version-history":[{"count":1,"href":"https:\/\/maisoncleo.com\/fr\/wp-json\/wp\/v2\/product\/360379\/revisions"}],"predecessor-version":[{"id":361712,"href":"https:\/\/maisoncleo.com\/fr\/wp-json\/wp\/v2\/product\/360379\/revisions\/361712"}],"wp:featuredmedia":[{"embeddable":true,"href":"https:\/\/maisoncleo.com\/fr\/wp-json\/wp\/v2\/media\/341807"}],"wp:attachment":[{"href":"https:\/\/maisoncleo.com\/fr\/wp-json\/wp\/v2\/media?parent=360379"}],"wp:term":[{"taxonomy":"product_brand","embeddable":true,"href":"https:\/\/maisoncleo.com\/fr\/wp-json\/wp\/v2\/product_brand?post=360379"},{"taxonomy":"product_cat","embeddable":true,"href":"https:\/\/maisoncleo.com\/fr\/wp-json\/wp\/v2\/product_cat?post=360379"},{"taxonomy":"product_tag","embeddable":true,"href":"https:\/\/maisoncleo.com\/fr\/wp-json\/wp\/v2\/product_tag?post=360379"}],"curies":[{"name":"wp","href":"https:\/\/api.w.org\/{rel}","templated":true}]}}