{"id":360378,"date":"2024-09-09T21:13:25","date_gmt":"2024-09-10T13:13:58","guid":{"rendered":"https:\/\/maisoncleo.com\/\/?post_type=product&#038;p=360378"},"modified":"2024-09-10T21:08:23","modified_gmt":"2024-09-10T19:08:23","slug":"blouse-anne-version-ii","status":"publish","type":"product","link":"https:\/\/maisoncleo.com\/fr\/shop\/blouse-anne-version-ii\/","title":{"rendered":"Blouse ANNE version II"},"content":{"rendered":"<p>Le retour de notre blouse iconique! Blouse blanc cass\u00e9 avec deux liens \u00e0 nouer sur le devant et des manches bouffantes, petits noeuds sur le bas des manches.\u00a0Un superbe tissu en mousseline de 100% coton volant\u00e9. Effet smock\u00e9 avec des smocks sur tout le tissu, ce qui le rend un peu stretch. Cet effet smock\u00e9 rend le tissu assez volumineux. 1 m\u00e8tre de ce tissu co\u00fbte 55 euros, il provient d&rsquo;une usine de production de tissus dans notre voisinage qui fabriquait pour des maisons de Couture. Possible de demander d&rsquo;ajouter un troisi\u00e8me lien.<\/p>\n","protected":false},"excerpt":{"rendered":"<p>Le retour de notre blouse iconique! Blouse blanc cass\u00e9 avec deux liens \u00e0 nouer sur le devant et des manches bouffantes, petits&hellip;<\/p>\n","protected":false},"featured_media":338891,"template":"","meta":[],"product_brand":[],"product_cat":[663,667],"product_tag":[],"class_list":{"0":"post-360378","1":"product","2":"type-product","3":"status-publish","4":"has-post-thumbnail","6":"product_cat-blouses","7":"product_cat-dernieres-pieces","8":"pa_taille-l-40-2","9":"pa_taille-m-38-2","10":"pa_taille-s-36-2","11":"pa_taille-sur-mesure-fr-2","12":"pa_taille-xl-42-fr-2","13":"pa_taille-xs-34-2","15":"first","16":"outofstock","17":"taxable","18":"shipping-taxable","19":"purchasable","20":"product-type-variable"},"_links":{"self":[{"href":"https:\/\/maisoncleo.com\/fr\/wp-json\/wp\/v2\/product\/360378","targetHints":{"allow":["GET"]}}],"collection":[{"href":"https:\/\/maisoncleo.com\/fr\/wp-json\/wp\/v2\/product"}],"about":[{"href":"https:\/\/maisoncleo.com\/fr\/wp-json\/wp\/v2\/types\/product"}],"version-history":[{"count":1,"href":"https:\/\/maisoncleo.com\/fr\/wp-json\/wp\/v2\/product\/360378\/revisions"}],"predecessor-version":[{"id":360416,"href":"https:\/\/maisoncleo.com\/fr\/wp-json\/wp\/v2\/product\/360378\/revisions\/360416"}],"wp:featuredmedia":[{"embeddable":true,"href":"https:\/\/maisoncleo.com\/fr\/wp-json\/wp\/v2\/media\/338891"}],"wp:attachment":[{"href":"https:\/\/maisoncleo.com\/fr\/wp-json\/wp\/v2\/media?parent=360378"}],"wp:term":[{"taxonomy":"product_brand","embeddable":true,"href":"https:\/\/maisoncleo.com\/fr\/wp-json\/wp\/v2\/product_brand?post=360378"},{"taxonomy":"product_cat","embeddable":true,"href":"https:\/\/maisoncleo.com\/fr\/wp-json\/wp\/v2\/product_cat?post=360378"},{"taxonomy":"product_tag","embeddable":true,"href":"https:\/\/maisoncleo.com\/fr\/wp-json\/wp\/v2\/product_tag?post=360378"}],"curies":[{"name":"wp","href":"https:\/\/api.w.org\/{rel}","templated":true}]}}