{"id":360334,"date":"2024-09-09T21:14:06","date_gmt":"2024-09-10T13:12:13","guid":{"rendered":"https:\/\/maisoncleo.com\/\/?post_type=product&#038;p=360334"},"modified":"2024-09-10T21:10:13","modified_gmt":"2024-09-10T19:10:13","slug":"runway-look-6-t-shirt-blanc-clubcleo","status":"publish","type":"product","link":"https:\/\/maisoncleo.com\/fr\/shop\/runway-look-6-t-shirt-blanc-clubcleo\/","title":{"rendered":"RUNWAY LOOK 6 &#8211; T-shirt blanc \u00ab\u00a0ClubCl\u00e9o\u00a0\u00bb"},"content":{"rendered":"<p>T-shirt blanc \u00ab\u00a0Cl\u00e9oClub\u00a0\u00bb\u00a0avec une police rose clair sur le devant entour\u00e9e de petits c\u0153urs. Manches courtes, coupe ajust\u00e9e, tr\u00e8s beau jersey de coton. 98% coton, 2% \u00e9lasthanne.<\/p>\n<p>LOOK 6 issu de notre premier d\u00e9fil\u00e9 \u00ab\u00a0Premi\u00e8re fois\u00a0\u00bb en Mars 2022.<\/p>\n<p>La mod\u00e8le mesure 1m75 et porte une taille S-36.<\/p>\n","protected":false},"excerpt":{"rendered":"<p>T-shirt blanc \u00ab\u00a0Cl\u00e9oClub\u00a0\u00bb\u00a0avec une police rose clair sur le devant entour\u00e9e de petits c\u0153urs. Manches courtes, coupe ajust\u00e9e, tr\u00e8s beau jersey de&hellip;<\/p>\n","protected":false},"featured_media":340994,"template":"","meta":[],"product_brand":[],"product_cat":[671,667,674,661],"product_tag":[],"class_list":{"0":"post-360334","1":"product","2":"type-product","3":"status-publish","4":"has-post-thumbnail","6":"product_cat-defiles","7":"product_cat-dernieres-pieces","8":"product_cat-tops","9":"product_cat-tout-voir","10":"pa_taille-l-40-2","11":"pa_taille-m-38-2","12":"pa_taille-s-36-2","13":"pa_taille-sur-mesure-fr-2","14":"pa_taille-xl-42-fr-2","15":"pa_taille-xs-34-2","17":"first","18":"outofstock","19":"taxable","20":"shipping-taxable","21":"purchasable","22":"product-type-variable"},"_links":{"self":[{"href":"https:\/\/maisoncleo.com\/fr\/wp-json\/wp\/v2\/product\/360334","targetHints":{"allow":["GET"]}}],"collection":[{"href":"https:\/\/maisoncleo.com\/fr\/wp-json\/wp\/v2\/product"}],"about":[{"href":"https:\/\/maisoncleo.com\/fr\/wp-json\/wp\/v2\/types\/product"}],"version-history":[{"count":1,"href":"https:\/\/maisoncleo.com\/fr\/wp-json\/wp\/v2\/product\/360334\/revisions"}],"predecessor-version":[{"id":361440,"href":"https:\/\/maisoncleo.com\/fr\/wp-json\/wp\/v2\/product\/360334\/revisions\/361440"}],"wp:featuredmedia":[{"embeddable":true,"href":"https:\/\/maisoncleo.com\/fr\/wp-json\/wp\/v2\/media\/340994"}],"wp:attachment":[{"href":"https:\/\/maisoncleo.com\/fr\/wp-json\/wp\/v2\/media?parent=360334"}],"wp:term":[{"taxonomy":"product_brand","embeddable":true,"href":"https:\/\/maisoncleo.com\/fr\/wp-json\/wp\/v2\/product_brand?post=360334"},{"taxonomy":"product_cat","embeddable":true,"href":"https:\/\/maisoncleo.com\/fr\/wp-json\/wp\/v2\/product_cat?post=360334"},{"taxonomy":"product_tag","embeddable":true,"href":"https:\/\/maisoncleo.com\/fr\/wp-json\/wp\/v2\/product_tag?post=360334"}],"curies":[{"name":"wp","href":"https:\/\/api.w.org\/{rel}","templated":true}]}}