{"id":360331,"date":"2024-09-09T21:14:06","date_gmt":"2024-09-10T13:12:13","guid":{"rendered":"https:\/\/maisoncleo.com\/\/?post_type=product&#038;p=360331"},"modified":"2024-09-10T21:09:12","modified_gmt":"2024-09-10T19:09:12","slug":"t-shirt-etoiles-maisoncleo","status":"publish","type":"product","link":"https:\/\/maisoncleo.com\/fr\/shop\/t-shirt-etoiles-maisoncleo\/","title":{"rendered":"T-shirt \u00e9toiles MaisonCl\u00e9o"},"content":{"rendered":"<p>Notre nouveau t-shirt \u00e9toiles \u00a0\u00ab\u00a0MaisonCl\u00e9o\u00a0\u00bb, d\u00e9sign\u00e9 par Claire de notre team, fabriqu\u00e9 \u00e0 la commande dans notre studio et imprim\u00e9 \u00e0 Lille dans notre ville. Coton d\u00e9stock\u00e9 en jersey noir. Coupe cintr\u00e9e.<\/p>\n<p>La mod\u00e8le mesure 1m73.<\/p>\n","protected":false},"excerpt":{"rendered":"<p>Notre nouveau t-shirt \u00e9toiles \u00a0\u00ab\u00a0MaisonCl\u00e9o\u00a0\u00bb, d\u00e9sign\u00e9 par Claire de notre team, fabriqu\u00e9 \u00e0 la commande dans notre studio et imprim\u00e9 \u00e0 Lille&hellip;<\/p>\n","protected":false},"featured_media":339774,"template":"","meta":[],"product_brand":[],"product_cat":[669,667,674],"product_tag":[],"class_list":{"0":"post-360331","1":"product","2":"type-product","3":"status-publish","4":"has-post-thumbnail","6":"product_cat-always-buyable-fr","7":"product_cat-dernieres-pieces","8":"product_cat-tops","9":"pa_taille-l-40-2","10":"pa_taille-m-38-2","11":"pa_taille-s-36-2","12":"pa_taille-sur-mesure-fr-2","13":"pa_taille-xl-42-fr-2","14":"pa_taille-xs-34-2","16":"first","17":"outofstock","18":"taxable","19":"shipping-taxable","20":"purchasable","21":"product-type-variable"},"_links":{"self":[{"href":"https:\/\/maisoncleo.com\/fr\/wp-json\/wp\/v2\/product\/360331","targetHints":{"allow":["GET"]}}],"collection":[{"href":"https:\/\/maisoncleo.com\/fr\/wp-json\/wp\/v2\/product"}],"about":[{"href":"https:\/\/maisoncleo.com\/fr\/wp-json\/wp\/v2\/types\/product"}],"version-history":[{"count":1,"href":"https:\/\/maisoncleo.com\/fr\/wp-json\/wp\/v2\/product\/360331\/revisions"}],"predecessor-version":[{"id":360814,"href":"https:\/\/maisoncleo.com\/fr\/wp-json\/wp\/v2\/product\/360331\/revisions\/360814"}],"wp:featuredmedia":[{"embeddable":true,"href":"https:\/\/maisoncleo.com\/fr\/wp-json\/wp\/v2\/media\/339774"}],"wp:attachment":[{"href":"https:\/\/maisoncleo.com\/fr\/wp-json\/wp\/v2\/media?parent=360331"}],"wp:term":[{"taxonomy":"product_brand","embeddable":true,"href":"https:\/\/maisoncleo.com\/fr\/wp-json\/wp\/v2\/product_brand?post=360331"},{"taxonomy":"product_cat","embeddable":true,"href":"https:\/\/maisoncleo.com\/fr\/wp-json\/wp\/v2\/product_cat?post=360331"},{"taxonomy":"product_tag","embeddable":true,"href":"https:\/\/maisoncleo.com\/fr\/wp-json\/wp\/v2\/product_tag?post=360331"}],"curies":[{"name":"wp","href":"https:\/\/api.w.org\/{rel}","templated":true}]}}