{"id":360252,"date":"2024-09-09T21:08:32","date_gmt":"2024-09-10T13:09:49","guid":{"rendered":"https:\/\/maisoncleo.com\/\/?post_type=product&#038;p=360252"},"modified":"2024-09-10T21:08:16","modified_gmt":"2024-09-10T19:08:16","slug":"top-en-soie-leopard-lily","status":"publish","type":"product","link":"https:\/\/maisoncleo.com\/fr\/shop\/top-en-soie-leopard-lily\/","title":{"rendered":"Top en soie l\u00e9opard LILY"},"content":{"rendered":"<p>Le top d\u00e9bardeur LILY, fabriqu\u00e9 dans une soie deadstock, imprim\u00e9 l\u00e9opard. Col b\u00e9nitier, fluide, dos nu, liens fins \u00e0 nouer derri\u00e8re le dos et le cou. 100% satin de soie.<\/p>\n","protected":false},"excerpt":{"rendered":"<p>Le top d\u00e9bardeur LILY, fabriqu\u00e9 dans une soie deadstock, imprim\u00e9 l\u00e9opard. Col b\u00e9nitier, fluide, dos nu, liens fins \u00e0 nouer derri\u00e8re le&hellip;<\/p>\n","protected":false},"featured_media":338729,"template":"","meta":[],"product_brand":[],"product_cat":[667,960,674,661],"product_tag":[],"class_list":{"0":"post-360252","1":"product","2":"type-product","3":"status-publish","4":"has-post-thumbnail","6":"product_cat-dernieres-pieces","7":"product_cat-leopard-selection","8":"product_cat-tops","9":"product_cat-tout-voir","10":"pa_taille-l-40-2","11":"pa_taille-m-38-2","12":"pa_taille-s-36-2","13":"pa_taille-sur-mesure-fr-2","14":"pa_taille-xl-42-fr-2","15":"pa_taille-xs-34-2","17":"first","18":"instock","19":"taxable","20":"shipping-taxable","21":"purchasable","22":"product-type-variable"},"_links":{"self":[{"href":"https:\/\/maisoncleo.com\/fr\/wp-json\/wp\/v2\/product\/360252","targetHints":{"allow":["GET"]}}],"collection":[{"href":"https:\/\/maisoncleo.com\/fr\/wp-json\/wp\/v2\/product"}],"about":[{"href":"https:\/\/maisoncleo.com\/fr\/wp-json\/wp\/v2\/types\/product"}],"version-history":[{"count":1,"href":"https:\/\/maisoncleo.com\/fr\/wp-json\/wp\/v2\/product\/360252\/revisions"}],"predecessor-version":[{"id":360289,"href":"https:\/\/maisoncleo.com\/fr\/wp-json\/wp\/v2\/product\/360252\/revisions\/360289"}],"wp:featuredmedia":[{"embeddable":true,"href":"https:\/\/maisoncleo.com\/fr\/wp-json\/wp\/v2\/media\/338729"}],"wp:attachment":[{"href":"https:\/\/maisoncleo.com\/fr\/wp-json\/wp\/v2\/media?parent=360252"}],"wp:term":[{"taxonomy":"product_brand","embeddable":true,"href":"https:\/\/maisoncleo.com\/fr\/wp-json\/wp\/v2\/product_brand?post=360252"},{"taxonomy":"product_cat","embeddable":true,"href":"https:\/\/maisoncleo.com\/fr\/wp-json\/wp\/v2\/product_cat?post=360252"},{"taxonomy":"product_tag","embeddable":true,"href":"https:\/\/maisoncleo.com\/fr\/wp-json\/wp\/v2\/product_tag?post=360252"}],"curies":[{"name":"wp","href":"https:\/\/api.w.org\/{rel}","templated":true}]}}