{"id":360190,"date":"2024-09-09T21:02:06","date_gmt":"2024-09-10T13:07:17","guid":{"rendered":"https:\/\/maisoncleo.com\/\/?post_type=product&#038;p=360190"},"modified":"2024-09-10T21:08:47","modified_gmt":"2024-09-10T19:08:47","slug":"gilet-tricote-ivoire-tomate-en-coton-organique-lore","status":"publish","type":"product","link":"https:\/\/maisoncleo.com\/fr\/shop\/gilet-tricote-ivoire-tomate-en-coton-organique-lore\/","title":{"rendered":"Gilet tricot\u00e9 ivoire tomate en coton organique LORE"},"content":{"rendered":"<p>Gilet tricot\u00e9 ivoire dans un fil luxe compos\u00e9 de 80% coton et 20% cachemire. C\u00f4tes, deux manches courtes. Un bouton tomate fabriqu\u00e9 en France. Derni\u00e8re photo : port\u00e9 par notre tricoteuse Khenary &lt;3<\/p>\n<p>Nous mettons 2,5 heures pour en tricoter un! Vous pouvez demander la longueur et le nombre de boutons (de 1 \u00e0 5 comme sur la photo) que vous souhaitez. Litt\u00e9ralement le gilet \u00e0 porter pour toutes les occasions cet \u00e9t\u00e9!<\/p>\n<p>La mod\u00e8le mesure 1m70.<\/p>\n<p>&nbsp;<\/p>\n","protected":false},"excerpt":{"rendered":"<p>Gilet tricot\u00e9 ivoire dans un fil luxe compos\u00e9 de 80% coton et 20% cachemire. C\u00f4tes, deux manches courtes. Un bouton tomate fabriqu\u00e9&hellip;<\/p>\n","protected":false},"featured_media":339298,"template":"","meta":[],"product_brand":[],"product_cat":[683,667,666,661],"product_tag":[],"class_list":{"0":"post-360190","1":"product","2":"type-product","3":"status-publish","4":"has-post-thumbnail","6":"product_cat-cardigans","7":"product_cat-dernieres-pieces","8":"product_cat-mailles","9":"product_cat-tout-voir","10":"pa_taille-l-40-2","11":"pa_taille-m-38-2","12":"pa_taille-s-36-2","13":"pa_taille-sur-mesure-fr-2","14":"pa_taille-xl-42-fr-2","15":"pa_taille-xs-34-2","17":"first","18":"instock","19":"taxable","20":"shipping-taxable","21":"purchasable","22":"product-type-variable"},"_links":{"self":[{"href":"https:\/\/maisoncleo.com\/fr\/wp-json\/wp\/v2\/product\/360190","targetHints":{"allow":["GET"]}}],"collection":[{"href":"https:\/\/maisoncleo.com\/fr\/wp-json\/wp\/v2\/product"}],"about":[{"href":"https:\/\/maisoncleo.com\/fr\/wp-json\/wp\/v2\/types\/product"}],"version-history":[{"count":1,"href":"https:\/\/maisoncleo.com\/fr\/wp-json\/wp\/v2\/product\/360190\/revisions"}],"predecessor-version":[{"id":360605,"href":"https:\/\/maisoncleo.com\/fr\/wp-json\/wp\/v2\/product\/360190\/revisions\/360605"}],"wp:featuredmedia":[{"embeddable":true,"href":"https:\/\/maisoncleo.com\/fr\/wp-json\/wp\/v2\/media\/339298"}],"wp:attachment":[{"href":"https:\/\/maisoncleo.com\/fr\/wp-json\/wp\/v2\/media?parent=360190"}],"wp:term":[{"taxonomy":"product_brand","embeddable":true,"href":"https:\/\/maisoncleo.com\/fr\/wp-json\/wp\/v2\/product_brand?post=360190"},{"taxonomy":"product_cat","embeddable":true,"href":"https:\/\/maisoncleo.com\/fr\/wp-json\/wp\/v2\/product_cat?post=360190"},{"taxonomy":"product_tag","embeddable":true,"href":"https:\/\/maisoncleo.com\/fr\/wp-json\/wp\/v2\/product_tag?post=360190"}],"curies":[{"name":"wp","href":"https:\/\/api.w.org\/{rel}","templated":true}]}}