{"id":360188,"date":"2024-09-09T21:02:06","date_gmt":"2024-09-10T13:07:17","guid":{"rendered":"https:\/\/maisoncleo.com\/\/?post_type=product&#038;p=360188"},"modified":"2024-09-10T21:08:11","modified_gmt":"2024-09-10T19:08:11","slug":"gilet-tricote-texture-en-coton-organique-lore","status":"publish","type":"product","link":"https:\/\/maisoncleo.com\/fr\/shop\/gilet-tricote-texture-en-coton-organique-lore\/","title":{"rendered":"Gilet tricot\u00e9 textur\u00e9 en coton organique LORE"},"content":{"rendered":"<p>Gilet tricot\u00e9 dans un fil luxe compos\u00e9 de 80% coton et 20% cachemire blanc cass\u00e9. Fait avec un travail de d\u00e9tails relief\u00e9s sur le haut, c\u00f4tes sur le bas, deux manches courtes. Nous mettons 4 heures pour en tricoter un! Vous pouvez demander la longueur et le nombre de boutons (de 1 \u00e0 5 comme sur la photo) que vous souhaitez. Litt\u00e9ralement le gilet \u00e0 porter pour toutes les occasions!<\/p>\n<p>La mod\u00e8le mesure 1m71.<\/p>\n","protected":false},"excerpt":{"rendered":"<p>Gilet tricot\u00e9 dans un fil luxe compos\u00e9 de 80% coton et 20% cachemire blanc cass\u00e9. Fait avec un travail de d\u00e9tails relief\u00e9s&hellip;<\/p>\n","protected":false},"featured_media":338616,"template":"","meta":[],"product_brand":[],"product_cat":[662,683,667,666,661],"product_tag":[],"class_list":{"0":"post-360188","1":"product","2":"type-product","3":"status-publish","4":"has-post-thumbnail","6":"product_cat-basiques","7":"product_cat-cardigans","8":"product_cat-dernieres-pieces","9":"product_cat-mailles","10":"product_cat-tout-voir","11":"pa_taille-l-40-2","12":"pa_taille-m-38-2","13":"pa_taille-s-36-2","14":"pa_taille-sur-mesure-fr-2","15":"pa_taille-xl-42-fr-2","16":"pa_taille-xs-34-2","18":"first","19":"outofstock","20":"taxable","21":"shipping-taxable","22":"purchasable","23":"product-type-variable"},"_links":{"self":[{"href":"https:\/\/maisoncleo.com\/fr\/wp-json\/wp\/v2\/product\/360188","targetHints":{"allow":["GET"]}}],"collection":[{"href":"https:\/\/maisoncleo.com\/fr\/wp-json\/wp\/v2\/product"}],"about":[{"href":"https:\/\/maisoncleo.com\/fr\/wp-json\/wp\/v2\/types\/product"}],"version-history":[{"count":1,"href":"https:\/\/maisoncleo.com\/fr\/wp-json\/wp\/v2\/product\/360188\/revisions"}],"predecessor-version":[{"id":360232,"href":"https:\/\/maisoncleo.com\/fr\/wp-json\/wp\/v2\/product\/360188\/revisions\/360232"}],"wp:featuredmedia":[{"embeddable":true,"href":"https:\/\/maisoncleo.com\/fr\/wp-json\/wp\/v2\/media\/338616"}],"wp:attachment":[{"href":"https:\/\/maisoncleo.com\/fr\/wp-json\/wp\/v2\/media?parent=360188"}],"wp:term":[{"taxonomy":"product_brand","embeddable":true,"href":"https:\/\/maisoncleo.com\/fr\/wp-json\/wp\/v2\/product_brand?post=360188"},{"taxonomy":"product_cat","embeddable":true,"href":"https:\/\/maisoncleo.com\/fr\/wp-json\/wp\/v2\/product_cat?post=360188"},{"taxonomy":"product_tag","embeddable":true,"href":"https:\/\/maisoncleo.com\/fr\/wp-json\/wp\/v2\/product_tag?post=360188"}],"curies":[{"name":"wp","href":"https:\/\/api.w.org\/{rel}","templated":true}]}}