{"id":360184,"date":"2024-09-09T21:02:06","date_gmt":"2024-09-10T13:07:16","guid":{"rendered":"https:\/\/maisoncleo.com\/\/?post_type=product&#038;p=360184"},"modified":"2024-09-10T21:09:05","modified_gmt":"2024-09-10T19:09:05","slug":"robe-tricotee-en-coton-organique-fuchsia-chloe","status":"publish","type":"product","link":"https:\/\/maisoncleo.com\/fr\/shop\/robe-tricotee-en-coton-organique-fuchsia-chloe\/","title":{"rendered":"Robe tricot\u00e9e en coton organique fuchsia CHLOE"},"content":{"rendered":"<p>Robe tricot\u00e9e en coton organique fuchsia. D\u00e9licieusement faite avec un travail de d\u00e9tails dans le bas de la robe, assym\u00e9trique, l\u00e9g\u00e8rement plus long derri\u00e8re que devant, deux bretelles. Chlo\u00e9 met 2,5 heures pour en tricoter une! Litt\u00e9ralement la robe \u00e0 porter pour toutes les occasions cet \u00e9t\u00e9!<\/p>\n<p>La mod\u00e8le mesure 1m75.<\/p>\n<p>&nbsp;<\/p>\n","protected":false},"excerpt":{"rendered":"<p>Robe tricot\u00e9e en coton organique fuchsia. D\u00e9licieusement faite avec un travail de d\u00e9tails dans le bas de la robe, assym\u00e9trique, l\u00e9g\u00e8rement plus&hellip;<\/p>\n","protected":false},"featured_media":339650,"template":"","meta":[],"product_brand":[],"product_cat":[667,666,664],"product_tag":[],"class_list":{"0":"post-360184","1":"product","2":"type-product","3":"status-publish","4":"has-post-thumbnail","6":"product_cat-dernieres-pieces","7":"product_cat-mailles","8":"product_cat-robes","9":"pa_taille-l-40-2","10":"pa_taille-m-38-2","11":"pa_taille-s-36-2","12":"pa_taille-sur-mesure-fr-2","13":"pa_taille-xl-42-fr-2","14":"pa_taille-xs-34-2","16":"first","17":"instock","18":"taxable","19":"shipping-taxable","20":"purchasable","21":"product-type-variable"},"_links":{"self":[{"href":"https:\/\/maisoncleo.com\/fr\/wp-json\/wp\/v2\/product\/360184","targetHints":{"allow":["GET"]}}],"collection":[{"href":"https:\/\/maisoncleo.com\/fr\/wp-json\/wp\/v2\/product"}],"about":[{"href":"https:\/\/maisoncleo.com\/fr\/wp-json\/wp\/v2\/types\/product"}],"version-history":[{"count":1,"href":"https:\/\/maisoncleo.com\/fr\/wp-json\/wp\/v2\/product\/360184\/revisions"}],"predecessor-version":[{"id":360731,"href":"https:\/\/maisoncleo.com\/fr\/wp-json\/wp\/v2\/product\/360184\/revisions\/360731"}],"wp:featuredmedia":[{"embeddable":true,"href":"https:\/\/maisoncleo.com\/fr\/wp-json\/wp\/v2\/media\/339650"}],"wp:attachment":[{"href":"https:\/\/maisoncleo.com\/fr\/wp-json\/wp\/v2\/media?parent=360184"}],"wp:term":[{"taxonomy":"product_brand","embeddable":true,"href":"https:\/\/maisoncleo.com\/fr\/wp-json\/wp\/v2\/product_brand?post=360184"},{"taxonomy":"product_cat","embeddable":true,"href":"https:\/\/maisoncleo.com\/fr\/wp-json\/wp\/v2\/product_cat?post=360184"},{"taxonomy":"product_tag","embeddable":true,"href":"https:\/\/maisoncleo.com\/fr\/wp-json\/wp\/v2\/product_tag?post=360184"}],"curies":[{"name":"wp","href":"https:\/\/api.w.org\/{rel}","templated":true}]}}