{"id":360182,"date":"2024-09-09T21:02:06","date_gmt":"2024-09-10T13:07:16","guid":{"rendered":"https:\/\/maisoncleo.com\/\/?post_type=product&#038;p=360182"},"modified":"2024-09-10T21:08:10","modified_gmt":"2024-09-10T19:08:10","slug":"robe-tricotee-en-coton-organique-chloe","status":"publish","type":"product","link":"https:\/\/maisoncleo.com\/fr\/shop\/robe-tricotee-en-coton-organique-chloe\/","title":{"rendered":"Robe tricot\u00e9e en coton organique CHLOE"},"content":{"rendered":"<p>Robe tricot\u00e9e en coton organique blanc cass\u00e9. D\u00e9licieusement faite avec un travail de d\u00e9tails dans le bas de la robe, assym\u00e9trique, l\u00e9g\u00e8rement plus long derri\u00e8re que devant, deux bretelles. Chlo\u00e9 met 2,5 heures pour en tricoter une! Vous pouvez demander la longueur que vous souhaitez. Litt\u00e9ralement la robe \u00e0 porter pour toutes les occasions cet \u00e9t\u00e9!<\/p>\n<p>La mod\u00e8le mesure 1m71.<\/p>\n","protected":false},"excerpt":{"rendered":"<p>Robe tricot\u00e9e en coton organique blanc cass\u00e9. D\u00e9licieusement faite avec un travail de d\u00e9tails dans le bas de la robe, assym\u00e9trique, l\u00e9g\u00e8rement&hellip;<\/p>\n","protected":false},"featured_media":338578,"template":"","meta":[],"product_brand":[],"product_cat":[662,667,666,958,664,661],"product_tag":[],"class_list":{"0":"post-360182","1":"product","2":"type-product","3":"status-publish","4":"has-post-thumbnail","6":"product_cat-basiques","7":"product_cat-dernieres-pieces","8":"product_cat-mailles","9":"product_cat-mariage-selection","10":"product_cat-robes","11":"product_cat-tout-voir","12":"pa_taille-l-40-2","13":"pa_taille-m-38-2","14":"pa_taille-s-36-2","15":"pa_taille-sur-mesure-fr-2","16":"pa_taille-xl-42-fr-2","17":"pa_taille-xs-34-2","18":"pa_taille-xxs-32-2","20":"first","21":"instock","22":"taxable","23":"shipping-taxable","24":"purchasable","25":"product-type-variable"},"_links":{"self":[{"href":"https:\/\/maisoncleo.com\/fr\/wp-json\/wp\/v2\/product\/360182","targetHints":{"allow":["GET"]}}],"collection":[{"href":"https:\/\/maisoncleo.com\/fr\/wp-json\/wp\/v2\/product"}],"about":[{"href":"https:\/\/maisoncleo.com\/fr\/wp-json\/wp\/v2\/types\/product"}],"version-history":[{"count":1,"href":"https:\/\/maisoncleo.com\/fr\/wp-json\/wp\/v2\/product\/360182\/revisions"}],"predecessor-version":[{"id":360208,"href":"https:\/\/maisoncleo.com\/fr\/wp-json\/wp\/v2\/product\/360182\/revisions\/360208"}],"wp:featuredmedia":[{"embeddable":true,"href":"https:\/\/maisoncleo.com\/fr\/wp-json\/wp\/v2\/media\/338578"}],"wp:attachment":[{"href":"https:\/\/maisoncleo.com\/fr\/wp-json\/wp\/v2\/media?parent=360182"}],"wp:term":[{"taxonomy":"product_brand","embeddable":true,"href":"https:\/\/maisoncleo.com\/fr\/wp-json\/wp\/v2\/product_brand?post=360182"},{"taxonomy":"product_cat","embeddable":true,"href":"https:\/\/maisoncleo.com\/fr\/wp-json\/wp\/v2\/product_cat?post=360182"},{"taxonomy":"product_tag","embeddable":true,"href":"https:\/\/maisoncleo.com\/fr\/wp-json\/wp\/v2\/product_tag?post=360182"}],"curies":[{"name":"wp","href":"https:\/\/api.w.org\/{rel}","templated":true}]}}