{"id":360101,"date":"2024-09-09T20:52:06","date_gmt":"2024-09-10T13:04:31","guid":{"rendered":"https:\/\/maisoncleo.com\/\/?post_type=product&#038;p=360101"},"modified":"2024-09-10T21:08:03","modified_gmt":"2024-09-10T19:08:03","slug":"jupe-en-jean-bleu-fonce-audrey","status":"publish","type":"product","link":"https:\/\/maisoncleo.com\/fr\/shop\/jupe-en-jean-bleu-fonce-audrey\/","title":{"rendered":"Jupe en jean bleu fonc\u00e9 AUDREY"},"content":{"rendered":"<p>La mini jupe en jean ! 100% cotton. Zip sur le c\u00f4t\u00e9.\u00a0 Longueur adaptable.<\/p>\n","protected":false},"excerpt":{"rendered":"<p>La mini jupe en jean ! 100% cotton. Zip sur le c\u00f4t\u00e9.\u00a0 Longueur adaptable.<\/p>\n","protected":false},"featured_media":338450,"template":"","meta":[],"product_brand":[],"product_cat":[662,667,672,661],"product_tag":[],"class_list":{"0":"post-360101","1":"product","2":"type-product","3":"status-publish","4":"has-post-thumbnail","6":"product_cat-basiques","7":"product_cat-dernieres-pieces","8":"product_cat-jupes","9":"product_cat-tout-voir","10":"pa_taille-l-40-2","11":"pa_taille-m-38-2","12":"pa_taille-s-36-2","13":"pa_taille-sur-mesure-fr-2","14":"pa_taille-xl-42-fr-2","15":"pa_taille-xs-34-2","17":"first","18":"instock","19":"taxable","20":"shipping-taxable","21":"purchasable","22":"product-type-variable"},"_links":{"self":[{"href":"https:\/\/maisoncleo.com\/fr\/wp-json\/wp\/v2\/product\/360101","targetHints":{"allow":["GET"]}}],"collection":[{"href":"https:\/\/maisoncleo.com\/fr\/wp-json\/wp\/v2\/product"}],"about":[{"href":"https:\/\/maisoncleo.com\/fr\/wp-json\/wp\/v2\/types\/product"}],"version-history":[{"count":1,"href":"https:\/\/maisoncleo.com\/fr\/wp-json\/wp\/v2\/product\/360101\/revisions"}],"predecessor-version":[{"id":360142,"href":"https:\/\/maisoncleo.com\/fr\/wp-json\/wp\/v2\/product\/360101\/revisions\/360142"}],"wp:featuredmedia":[{"embeddable":true,"href":"https:\/\/maisoncleo.com\/fr\/wp-json\/wp\/v2\/media\/338450"}],"wp:attachment":[{"href":"https:\/\/maisoncleo.com\/fr\/wp-json\/wp\/v2\/media?parent=360101"}],"wp:term":[{"taxonomy":"product_brand","embeddable":true,"href":"https:\/\/maisoncleo.com\/fr\/wp-json\/wp\/v2\/product_brand?post=360101"},{"taxonomy":"product_cat","embeddable":true,"href":"https:\/\/maisoncleo.com\/fr\/wp-json\/wp\/v2\/product_cat?post=360101"},{"taxonomy":"product_tag","embeddable":true,"href":"https:\/\/maisoncleo.com\/fr\/wp-json\/wp\/v2\/product_tag?post=360101"}],"curies":[{"name":"wp","href":"https:\/\/api.w.org\/{rel}","templated":true}]}}