{"id":360100,"date":"2024-09-09T20:52:06","date_gmt":"2024-09-10T13:04:31","guid":{"rendered":"https:\/\/maisoncleo.com\/\/?post_type=product&#038;p=360100"},"modified":"2024-09-10T21:08:02","modified_gmt":"2024-09-10T19:08:02","slug":"jupe-en-jean-bleu-fonce-avec-poche-audrey-ii","status":"publish","type":"product","link":"https:\/\/maisoncleo.com\/fr\/shop\/jupe-en-jean-bleu-fonce-avec-poche-audrey-ii\/","title":{"rendered":"Jupe en jean bleu fonc\u00e9 avec poche AUDREY II"},"content":{"rendered":"<p>La mini jupe avec une poche ext\u00e9rieure ! 100% cotton. Zip sur le c\u00f4t\u00e9.\u00a0 Longueur adaptable. Taille baisse.<\/p>\n<p>(Veuillez noter que comme le tissu provient de jeans d\u00e9j\u00e0 produit, le ton du denim peut l\u00e9g\u00e8rement varier).<\/p>\n<p>La mod\u00e8le mesure 1m70.<\/p>\n","protected":false},"excerpt":{"rendered":"<p>La mini jupe avec une poche ext\u00e9rieure ! 100% cotton. Zip sur le c\u00f4t\u00e9.\u00a0 Longueur adaptable. Taille baisse. (Veuillez noter que comme&hellip;<\/p>\n","protected":false},"featured_media":338434,"template":"","meta":[],"product_brand":[],"product_cat":[667,672,661],"product_tag":[],"class_list":{"0":"post-360100","1":"product","2":"type-product","3":"status-publish","4":"has-post-thumbnail","6":"product_cat-dernieres-pieces","7":"product_cat-jupes","8":"product_cat-tout-voir","9":"pa_taille-l-40-2","10":"pa_taille-m-38-2","11":"pa_taille-s-36-2","12":"pa_taille-sur-mesure-fr-2","13":"pa_taille-xl-42-fr-2","14":"pa_taille-xs-34-2","16":"first","17":"instock","18":"taxable","19":"shipping-taxable","20":"purchasable","21":"product-type-variable"},"_links":{"self":[{"href":"https:\/\/maisoncleo.com\/fr\/wp-json\/wp\/v2\/product\/360100","targetHints":{"allow":["GET"]}}],"collection":[{"href":"https:\/\/maisoncleo.com\/fr\/wp-json\/wp\/v2\/product"}],"about":[{"href":"https:\/\/maisoncleo.com\/fr\/wp-json\/wp\/v2\/types\/product"}],"version-history":[{"count":1,"href":"https:\/\/maisoncleo.com\/fr\/wp-json\/wp\/v2\/product\/360100\/revisions"}],"predecessor-version":[{"id":360141,"href":"https:\/\/maisoncleo.com\/fr\/wp-json\/wp\/v2\/product\/360100\/revisions\/360141"}],"wp:featuredmedia":[{"embeddable":true,"href":"https:\/\/maisoncleo.com\/fr\/wp-json\/wp\/v2\/media\/338434"}],"wp:attachment":[{"href":"https:\/\/maisoncleo.com\/fr\/wp-json\/wp\/v2\/media?parent=360100"}],"wp:term":[{"taxonomy":"product_brand","embeddable":true,"href":"https:\/\/maisoncleo.com\/fr\/wp-json\/wp\/v2\/product_brand?post=360100"},{"taxonomy":"product_cat","embeddable":true,"href":"https:\/\/maisoncleo.com\/fr\/wp-json\/wp\/v2\/product_cat?post=360100"},{"taxonomy":"product_tag","embeddable":true,"href":"https:\/\/maisoncleo.com\/fr\/wp-json\/wp\/v2\/product_tag?post=360100"}],"curies":[{"name":"wp","href":"https:\/\/api.w.org\/{rel}","templated":true}]}}