{"id":359996,"date":"2024-09-09T20:49:09","date_gmt":"2024-09-10T12:57:49","guid":{"rendered":"https:\/\/maisoncleo.com\/\/?post_type=product&#038;p=359996"},"modified":"2024-09-10T21:07:56","modified_gmt":"2024-09-10T19:07:56","slug":"mini-jupe-en-jean-destroy-paris","status":"publish","type":"product","link":"https:\/\/maisoncleo.com\/fr\/shop\/mini-jupe-en-jean-destroy-paris\/","title":{"rendered":"Mini jupe en jean destroy PARIS"},"content":{"rendered":"<p id=\"tw-target-text\" class=\"tw-data-text tw-text-large XcVN5d tw-ta\" dir=\"ltr\" data-placeholder=\"Traduction\"><span lang=\"fr\">La mini-jupe! 100% coton jeans destroy. Fermeture \u00e9clair sur le c\u00f4t\u00e9. Comme tout est fait sur commande, vous pouvez demander la longueur que vous souhaitez edans le cadre commentaires au checkout!<\/span><\/p>\n<p dir=\"ltr\" data-placeholder=\"Traduction\">La mod\u00e8le mesure 1m70.<\/p>\n","protected":false},"excerpt":{"rendered":"<p>La mini-jupe! 100% coton jeans destroy. Fermeture \u00e9clair sur le c\u00f4t\u00e9. Comme tout est fait sur commande, vous pouvez demander la longueur&hellip;<\/p>\n","protected":false},"featured_media":338283,"template":"","meta":[],"product_brand":[],"product_cat":[667,672],"product_tag":[],"class_list":{"0":"post-359996","1":"product","2":"type-product","3":"status-publish","4":"has-post-thumbnail","6":"product_cat-dernieres-pieces","7":"product_cat-jupes","8":"pa_taille-l-40-2","9":"pa_taille-m-38-2","10":"pa_taille-s-36-2","11":"pa_taille-sur-mesure-fr-2","12":"pa_taille-xl-42-fr-2","13":"pa_taille-xs-34-2","15":"first","16":"instock","17":"taxable","18":"shipping-taxable","19":"purchasable","20":"product-type-variable","21":"has-default-attributes"},"_links":{"self":[{"href":"https:\/\/maisoncleo.com\/fr\/wp-json\/wp\/v2\/product\/359996","targetHints":{"allow":["GET"]}}],"collection":[{"href":"https:\/\/maisoncleo.com\/fr\/wp-json\/wp\/v2\/product"}],"about":[{"href":"https:\/\/maisoncleo.com\/fr\/wp-json\/wp\/v2\/types\/product"}],"version-history":[{"count":1,"href":"https:\/\/maisoncleo.com\/fr\/wp-json\/wp\/v2\/product\/359996\/revisions"}],"predecessor-version":[{"id":360051,"href":"https:\/\/maisoncleo.com\/fr\/wp-json\/wp\/v2\/product\/359996\/revisions\/360051"}],"wp:featuredmedia":[{"embeddable":true,"href":"https:\/\/maisoncleo.com\/fr\/wp-json\/wp\/v2\/media\/338283"}],"wp:attachment":[{"href":"https:\/\/maisoncleo.com\/fr\/wp-json\/wp\/v2\/media?parent=359996"}],"wp:term":[{"taxonomy":"product_brand","embeddable":true,"href":"https:\/\/maisoncleo.com\/fr\/wp-json\/wp\/v2\/product_brand?post=359996"},{"taxonomy":"product_cat","embeddable":true,"href":"https:\/\/maisoncleo.com\/fr\/wp-json\/wp\/v2\/product_cat?post=359996"},{"taxonomy":"product_tag","embeddable":true,"href":"https:\/\/maisoncleo.com\/fr\/wp-json\/wp\/v2\/product_tag?post=359996"}],"curies":[{"name":"wp","href":"https:\/\/api.w.org\/{rel}","templated":true}]}}