{"id":359761,"date":"2024-09-09T20:37:36","date_gmt":"2024-09-10T12:46:06","guid":{"rendered":"https:\/\/maisoncleo.com\/\/?post_type=product&#038;p=359761"},"modified":"2024-09-10T21:07:51","modified_gmt":"2024-09-10T19:07:51","slug":"cardigan-tricote-en-laine-oversize-a-fleurs","status":"publish","type":"product","link":"https:\/\/maisoncleo.com\/fr\/shop\/cardigan-tricote-en-laine-oversize-a-fleurs\/","title":{"rendered":"Cardigan tricot\u00e9 en laine oversize \u00e0 fleurs"},"content":{"rendered":"<p id=\"tw-target-text\" class=\"tw-data-text tw-text-large XcVN5d tw-ta\" dir=\"ltr\" data-placeholder=\"Traduction\"><span lang=\"fr\">Fait \u00e0 la main par nos tricoteuses dans notre atelier. Coupe oversize, c\u00f4tes \u00e9cru. Nous le tricotons avec 3 fils et 2 laine diff\u00e9rentes pour le rendre doux et tr\u00e8s confortable. Petit motif de fleurs. Notre fav!<\/span><\/p>\n<p dir=\"ltr\" data-placeholder=\"Traduction\">La mod\u00e8le mesure 1m80.<\/p>\n","protected":false},"excerpt":{"rendered":"<p>Fait \u00e0 la main par nos tricoteuses dans notre atelier. Coupe oversize, c\u00f4tes \u00e9cru. Nous le tricotons avec 3 fils et 2&hellip;<\/p>\n","protected":false},"featured_media":338230,"template":"","meta":[],"product_brand":[],"product_cat":[667,666,661],"product_tag":[],"class_list":{"0":"post-359761","1":"product","2":"type-product","3":"status-publish","4":"has-post-thumbnail","6":"product_cat-dernieres-pieces","7":"product_cat-mailles","8":"product_cat-tout-voir","9":"pa_taille-l-40-2","10":"pa_taille-m-38-2","11":"pa_taille-s-36-2","12":"pa_taille-sur-mesure-fr-2","13":"pa_taille-xl-42-fr-2","14":"pa_taille-xs-34-2","16":"first","17":"instock","18":"taxable","19":"shipping-taxable","20":"purchasable","21":"product-type-variable"},"_links":{"self":[{"href":"https:\/\/maisoncleo.com\/fr\/wp-json\/wp\/v2\/product\/359761","targetHints":{"allow":["GET"]}}],"collection":[{"href":"https:\/\/maisoncleo.com\/fr\/wp-json\/wp\/v2\/product"}],"about":[{"href":"https:\/\/maisoncleo.com\/fr\/wp-json\/wp\/v2\/types\/product"}],"version-history":[{"count":1,"href":"https:\/\/maisoncleo.com\/fr\/wp-json\/wp\/v2\/product\/359761\/revisions"}],"predecessor-version":[{"id":359981,"href":"https:\/\/maisoncleo.com\/fr\/wp-json\/wp\/v2\/product\/359761\/revisions\/359981"}],"wp:featuredmedia":[{"embeddable":true,"href":"https:\/\/maisoncleo.com\/fr\/wp-json\/wp\/v2\/media\/338230"}],"wp:attachment":[{"href":"https:\/\/maisoncleo.com\/fr\/wp-json\/wp\/v2\/media?parent=359761"}],"wp:term":[{"taxonomy":"product_brand","embeddable":true,"href":"https:\/\/maisoncleo.com\/fr\/wp-json\/wp\/v2\/product_brand?post=359761"},{"taxonomy":"product_cat","embeddable":true,"href":"https:\/\/maisoncleo.com\/fr\/wp-json\/wp\/v2\/product_cat?post=359761"},{"taxonomy":"product_tag","embeddable":true,"href":"https:\/\/maisoncleo.com\/fr\/wp-json\/wp\/v2\/product_tag?post=359761"}],"curies":[{"name":"wp","href":"https:\/\/api.w.org\/{rel}","templated":true}]}}