{"id":359759,"date":"2024-09-09T20:37:36","date_gmt":"2024-09-10T12:46:06","guid":{"rendered":"https:\/\/maisoncleo.com\/\/?post_type=product&#038;p=359759"},"modified":"2024-09-10T21:07:39","modified_gmt":"2024-09-10T19:07:39","slug":"cardigan-tricote-en-laine-oversize-violet-dragon","status":"publish","type":"product","link":"https:\/\/maisoncleo.com\/fr\/shop\/cardigan-tricote-en-laine-oversize-violet-dragon\/","title":{"rendered":"Cardigan tricot\u00e9 en laine oversize violet DRAGON"},"content":{"rendered":"<p>Fait \u00e0 la commande par notre tricoteuse dans notre studio. Coupe oversize, c\u00f4tes \u00e9crue. Tricot\u00e9 avec 3 fils et 2 laines diff\u00e9rentes ce qui le rend doux et \u00e9pais. Motif violet et \u00e9cru. Notre favori!<\/p>\n<p>La mod\u00e8le mesure 1m80.<\/p>\n","protected":false},"excerpt":{"rendered":"<p>Fait \u00e0 la commande par notre tricoteuse dans notre studio. Coupe oversize, c\u00f4tes \u00e9crue. Tricot\u00e9 avec 3 fils et 2 laines diff\u00e9rentes&hellip;<\/p>\n","protected":false},"featured_media":338014,"template":"","meta":[],"product_brand":[],"product_cat":[667,666,661],"product_tag":[],"class_list":{"0":"post-359759","1":"product","2":"type-product","3":"status-publish","4":"has-post-thumbnail","6":"product_cat-dernieres-pieces","7":"product_cat-mailles","8":"product_cat-tout-voir","9":"pa_taille-l-40-2","10":"pa_taille-m-38-2","11":"pa_taille-s-36-2","12":"pa_taille-sur-mesure-fr-2","13":"pa_taille-xl-42-fr-2","14":"pa_taille-xs-34-2","16":"first","17":"instock","18":"taxable","19":"shipping-taxable","20":"purchasable","21":"product-type-variable"},"_links":{"self":[{"href":"https:\/\/maisoncleo.com\/fr\/wp-json\/wp\/v2\/product\/359759","targetHints":{"allow":["GET"]}}],"collection":[{"href":"https:\/\/maisoncleo.com\/fr\/wp-json\/wp\/v2\/product"}],"about":[{"href":"https:\/\/maisoncleo.com\/fr\/wp-json\/wp\/v2\/types\/product"}],"version-history":[{"count":1,"href":"https:\/\/maisoncleo.com\/fr\/wp-json\/wp\/v2\/product\/359759\/revisions"}],"predecessor-version":[{"id":359802,"href":"https:\/\/maisoncleo.com\/fr\/wp-json\/wp\/v2\/product\/359759\/revisions\/359802"}],"wp:featuredmedia":[{"embeddable":true,"href":"https:\/\/maisoncleo.com\/fr\/wp-json\/wp\/v2\/media\/338014"}],"wp:attachment":[{"href":"https:\/\/maisoncleo.com\/fr\/wp-json\/wp\/v2\/media?parent=359759"}],"wp:term":[{"taxonomy":"product_brand","embeddable":true,"href":"https:\/\/maisoncleo.com\/fr\/wp-json\/wp\/v2\/product_brand?post=359759"},{"taxonomy":"product_cat","embeddable":true,"href":"https:\/\/maisoncleo.com\/fr\/wp-json\/wp\/v2\/product_cat?post=359759"},{"taxonomy":"product_tag","embeddable":true,"href":"https:\/\/maisoncleo.com\/fr\/wp-json\/wp\/v2\/product_tag?post=359759"}],"curies":[{"name":"wp","href":"https:\/\/api.w.org\/{rel}","templated":true}]}}