{"id":359741,"date":"2024-09-09T20:36:17","date_gmt":"2024-09-10T12:45:39","guid":{"rendered":"https:\/\/maisoncleo.com\/\/?post_type=product&#038;p=359741"},"modified":"2024-09-10T21:07:36","modified_gmt":"2024-09-10T19:07:36","slug":"echarpe-en-laine-tricotee-santiags-messages-tartan-coeurs-dragon","status":"publish","type":"product","link":"https:\/\/maisoncleo.com\/fr\/shop\/echarpe-en-laine-tricotee-santiags-messages-tartan-coeurs-dragon\/","title":{"rendered":"Echarpe en laine tricot\u00e9e santiags \/ messages \/ tartan \/ coeurs \/ dragon"},"content":{"rendered":"<p>Notre premi\u00e8re \u00e9charpe! Rendant hommage \u00e0 tous les motifs que nous avons fait. Messages \u00ab\u00a0MC\u00a0\u00bb sur un des bords, votre pr\u00e9nom sur l&rsquo;autre bord. Tricot\u00e9 \u00e0 la commande dans notre studio MC \ud83d\ude42<\/p>\n<p>La mod\u00e8le mesure 1m69.<\/p>\n","protected":false},"excerpt":{"rendered":"<p>Notre premi\u00e8re \u00e9charpe! Rendant hommage \u00e0 tous les motifs que nous avons fait. Messages \u00ab\u00a0MC\u00a0\u00bb sur un des bords, votre pr\u00e9nom sur&hellip;<\/p>\n","protected":false},"featured_media":337979,"template":"","meta":[],"product_brand":[],"product_cat":[667,666,661],"product_tag":[],"class_list":{"0":"post-359741","1":"product","2":"type-product","3":"status-publish","4":"has-post-thumbnail","6":"product_cat-dernieres-pieces","7":"product_cat-mailles","8":"product_cat-tout-voir","9":"pa_taille-taille-unique-2","11":"first","12":"outofstock","13":"taxable","14":"shipping-taxable","15":"purchasable","16":"product-type-variable"},"_links":{"self":[{"href":"https:\/\/maisoncleo.com\/fr\/wp-json\/wp\/v2\/product\/359741","targetHints":{"allow":["GET"]}}],"collection":[{"href":"https:\/\/maisoncleo.com\/fr\/wp-json\/wp\/v2\/product"}],"about":[{"href":"https:\/\/maisoncleo.com\/fr\/wp-json\/wp\/v2\/types\/product"}],"version-history":[{"count":1,"href":"https:\/\/maisoncleo.com\/fr\/wp-json\/wp\/v2\/product\/359741\/revisions"}],"predecessor-version":[{"id":359769,"href":"https:\/\/maisoncleo.com\/fr\/wp-json\/wp\/v2\/product\/359741\/revisions\/359769"}],"wp:featuredmedia":[{"embeddable":true,"href":"https:\/\/maisoncleo.com\/fr\/wp-json\/wp\/v2\/media\/337979"}],"wp:attachment":[{"href":"https:\/\/maisoncleo.com\/fr\/wp-json\/wp\/v2\/media?parent=359741"}],"wp:term":[{"taxonomy":"product_brand","embeddable":true,"href":"https:\/\/maisoncleo.com\/fr\/wp-json\/wp\/v2\/product_brand?post=359741"},{"taxonomy":"product_cat","embeddable":true,"href":"https:\/\/maisoncleo.com\/fr\/wp-json\/wp\/v2\/product_cat?post=359741"},{"taxonomy":"product_tag","embeddable":true,"href":"https:\/\/maisoncleo.com\/fr\/wp-json\/wp\/v2\/product_tag?post=359741"}],"curies":[{"name":"wp","href":"https:\/\/api.w.org\/{rel}","templated":true}]}}