{"id":359732,"date":"2024-09-09T20:34:13","date_gmt":"2024-09-10T12:45:18","guid":{"rendered":"https:\/\/maisoncleo.com\/\/?post_type=product&#038;p=359732"},"modified":"2024-09-10T21:07:35","modified_gmt":"2024-09-10T19:07:35","slug":"pull-mc-tartan-tricote-roses-en-laine","status":"publish","type":"product","link":"https:\/\/maisoncleo.com\/fr\/shop\/pull-mc-tartan-tricote-roses-en-laine\/","title":{"rendered":"Pull MC tartan tricot\u00e9 roses en laine"},"content":{"rendered":"<p>Notre premier pull tricot\u00e9 en MC all over, motif roses et tartan sur les manches, noir dans le dos. Tricot\u00e9 avec 3 fils et 2 laines diff\u00e9rentes ce qui le rend doux et \u00e9pais comme un pull doudou.<\/p>\n<p>La mod\u00e8le mesure 1m72.<\/p>\n","protected":false},"excerpt":{"rendered":"<p>Notre premier pull tricot\u00e9 en MC all over, motif roses et tartan sur les manches, noir dans le dos. Tricot\u00e9 avec 3&hellip;<\/p>\n","protected":false},"featured_media":337945,"template":"","meta":[],"product_brand":[],"product_cat":[667,666],"product_tag":[],"class_list":{"0":"post-359732","1":"product","2":"type-product","3":"status-publish","4":"has-post-thumbnail","6":"product_cat-dernieres-pieces","7":"product_cat-mailles","8":"pa_taille-l-40-2","9":"pa_taille-m-38-2","10":"pa_taille-s-36-2","11":"pa_taille-sur-mesure-fr-2","12":"pa_taille-xl-42-fr-2","13":"pa_taille-xs-34-2","15":"first","16":"outofstock","17":"taxable","18":"shipping-taxable","19":"purchasable","20":"product-type-variable"},"_links":{"self":[{"href":"https:\/\/maisoncleo.com\/fr\/wp-json\/wp\/v2\/product\/359732","targetHints":{"allow":["GET"]}}],"collection":[{"href":"https:\/\/maisoncleo.com\/fr\/wp-json\/wp\/v2\/product"}],"about":[{"href":"https:\/\/maisoncleo.com\/fr\/wp-json\/wp\/v2\/types\/product"}],"version-history":[{"count":1,"href":"https:\/\/maisoncleo.com\/fr\/wp-json\/wp\/v2\/product\/359732\/revisions"}],"predecessor-version":[{"id":359753,"href":"https:\/\/maisoncleo.com\/fr\/wp-json\/wp\/v2\/product\/359732\/revisions\/359753"}],"wp:featuredmedia":[{"embeddable":true,"href":"https:\/\/maisoncleo.com\/fr\/wp-json\/wp\/v2\/media\/337945"}],"wp:attachment":[{"href":"https:\/\/maisoncleo.com\/fr\/wp-json\/wp\/v2\/media?parent=359732"}],"wp:term":[{"taxonomy":"product_brand","embeddable":true,"href":"https:\/\/maisoncleo.com\/fr\/wp-json\/wp\/v2\/product_brand?post=359732"},{"taxonomy":"product_cat","embeddable":true,"href":"https:\/\/maisoncleo.com\/fr\/wp-json\/wp\/v2\/product_cat?post=359732"},{"taxonomy":"product_tag","embeddable":true,"href":"https:\/\/maisoncleo.com\/fr\/wp-json\/wp\/v2\/product_tag?post=359732"}],"curies":[{"name":"wp","href":"https:\/\/api.w.org\/{rel}","templated":true}]}}